{"id":984,"date":"2022-12-28T18:05:09","date_gmt":"2022-12-28T18:05:09","guid":{"rendered":"https:\/\/www.totalservice.com.co\/?post_type=product&#038;p=984"},"modified":"2024-12-12T15:12:49","modified_gmt":"2024-12-12T15:12:49","slug":"dvr-espejo-para-carro-sn9000","status":"publish","type":"product","link":"https:\/\/www.totalservice.com.co\/?product=dvr-espejo-para-carro-sn9000","title":{"rendered":"Dvr SN 9000"},"content":{"rendered":"<h2>Caracter\u00edsticas Principales:<\/h2>\n<p>&nbsp;<\/p>\n<ul>\n<li>Grabaci\u00f3n de forma autom\u00e1tica al encender el veh\u00edculo. Grabaci\u00f3n de v\u00eddeos por sensor de movimiento.<\/li>\n<li>Captura de fotograf\u00edas. Indicadores de estado. Protector de pantalla. C\u00e1mara de reversa.<\/li>\n<li>Visualizaci\u00f3n de c\u00e1maras en pantalla. Apagado autom\u00e1tico.<\/li>\n<\/ul>\n<p>&nbsp;<\/p>\n<h2>Especificaciones T\u00e9cnicas:<\/h2>\n<p>&nbsp;<\/p>\n<ul>\n<li>Espejo con c\u00e1mara.<\/li>\n<li>C\u00e1mara para reversa con cableado.<\/li>\n<li>Adaptador de voltaje tipo cigarrera.<\/li>\n<li>Soportes el\u00e1sticos para espejo.<\/li>\n<\/ul>\n","protected":false},"excerpt":{"rendered":"<p>Espejo DVR display HD y touch screen SN9000<\/p>\n<p>SN9000 DVR Tipo espejo con c\u00e1mara a color y visi\u00f3n nocturna. DVR Grabaci\u00f3n de Seguridad Con Funci\u00f3n Dual o Sencilla Est\u00e1 compuesto por un monitor digital de espejo con display touch, dos entradas de Video, una c\u00e1mara de video a color y un m\u00f3dulo central. Este sistema permite observar y grabar la imagen presente en la parte delantera del veh\u00edculo y adicionalmente y ver los obst\u00e1culos que hay detr\u00e1s de \u00e9ste.<\/p>\n","protected":false},"featured_media":2155,"template":"","meta":{"site-sidebar-layout":"default","site-content-layout":"default","ast-site-content-layout":"default","site-content-style":"default","site-sidebar-style":"default","ast-global-header-display":"","ast-banner-title-visibility":"","ast-main-header-display":"","ast-hfb-above-header-display":"","ast-hfb-below-header-display":"","ast-hfb-mobile-header-display":"","site-post-title":"","ast-breadcrumbs-content":"","ast-featured-img":"","footer-sml-layout":"","ast-disable-related-posts":"","theme-transparent-header-meta":"default","adv-header-id-meta":"","stick-header-meta":"","header-above-stick-meta":"","header-main-stick-meta":"","header-below-stick-meta":"","astra-migrate-meta-layouts":"default","ast-page-background-enabled":"default","ast-page-background-meta":{"desktop":{"background-color":"","background-image":"","background-repeat":"repeat","background-position":"center center","background-size":"auto","background-attachment":"scroll","background-type":"","background-media":"","overlay-type":"","overlay-color":"","overlay-opacity":"","overlay-gradient":""},"tablet":{"background-color":"","background-image":"","background-repeat":"repeat","background-position":"center center","background-size":"auto","background-attachment":"scroll","background-type":"","background-media":"","overlay-type":"","overlay-color":"","overlay-opacity":"","overlay-gradient":""},"mobile":{"background-color":"","background-image":"","background-repeat":"repeat","background-position":"center center","background-size":"auto","background-attachment":"scroll","background-type":"","background-media":"","overlay-type":"","overlay-color":"","overlay-opacity":"","overlay-gradient":""}},"ast-content-background-meta":{"desktop":{"background-color":"var(--ast-global-color-5)","background-image":"","background-repeat":"repeat","background-position":"center center","background-size":"auto","background-attachment":"scroll","background-type":"","background-media":"","overlay-type":"","overlay-color":"","overlay-opacity":"","overlay-gradient":""},"tablet":{"background-color":"var(--ast-global-color-5)","background-image":"","background-repeat":"repeat","background-position":"center center","background-size":"auto","background-attachment":"scroll","background-type":"","background-media":"","overlay-type":"","overlay-color":"","overlay-opacity":"","overlay-gradient":""},"mobile":{"background-color":"var(--ast-global-color-5)","background-image":"","background-repeat":"repeat","background-position":"center center","background-size":"auto","background-attachment":"scroll","background-type":"","background-media":"","overlay-type":"","overlay-color":"","overlay-opacity":"","overlay-gradient":""}}},"product_brand":[],"product_cat":[33,125],"product_tag":[],"class_list":{"0":"post-984","1":"product","2":"type-product","3":"status-publish","4":"has-post-thumbnail","6":"product_cat-carros","7":"product_cat-dvr","8":"desktop-align-left","9":"tablet-align-left","10":"mobile-align-left","12":"first","13":"instock","14":"sale","15":"shipping-taxable","16":"purchasable","17":"product-type-simple"},"yoast_head":"<!-- This site is optimized with the Yoast SEO plugin v26.7 - https:\/\/yoast.com\/wordpress\/plugins\/seo\/ -->\n<title>Dvr SN 9000 - Total Service Car Audio<\/title>\n<meta name=\"description\" content=\"Espejo DVR para carro con pantalla touch marca Ultra - Funci\u00f3n dual o sencilla de c\u00e1maras - Sensor de reversa\" \/>\n<meta name=\"robots\" content=\"index, follow, max-snippet:-1, max-image-preview:large, max-video-preview:-1\" \/>\n<link rel=\"canonical\" href=\"https:\/\/www.totalservice.com.co\/?product=dvr-espejo-para-carro-sn9000\" \/>\n<meta property=\"og:locale\" content=\"es_ES\" \/>\n<meta property=\"og:type\" content=\"article\" \/>\n<meta property=\"og:title\" content=\"Dvr SN 9000 - Total Service Car Audio\" \/>\n<meta property=\"og:description\" content=\"Espejo DVR para carro con pantalla touch marca Ultra - Funci\u00f3n dual o sencilla de c\u00e1maras - Sensor de reversa\" \/>\n<meta property=\"og:url\" content=\"https:\/\/www.totalservice.com.co\/?product=dvr-espejo-para-carro-sn9000\" \/>\n<meta property=\"og:site_name\" content=\"Total Service Car Audio\" \/>\n<meta property=\"article:modified_time\" content=\"2024-12-12T15:12:49+00:00\" \/>\n<meta property=\"og:image\" content=\"https:\/\/www.totalservice.com.co\/wp-content\/uploads\/2022\/12\/Dvr-SN9000-con-fondo-blanco-1024x1024.png\" \/>\n\t<meta property=\"og:image:width\" content=\"1024\" \/>\n\t<meta property=\"og:image:height\" content=\"1024\" \/>\n\t<meta property=\"og:image:type\" content=\"image\/png\" \/>\n<meta name=\"twitter:card\" content=\"summary_large_image\" \/>\n<meta name=\"twitter:label1\" content=\"Tiempo de lectura\" \/>\n\t<meta name=\"twitter:data1\" content=\"1 minuto\" \/>\n<script type=\"application\/ld+json\" class=\"yoast-schema-graph\">{\"@context\":\"https:\/\/schema.org\",\"@graph\":[{\"@type\":\"WebPage\",\"@id\":\"https:\/\/www.totalservice.com.co\/?product=dvr-espejo-para-carro-sn9000\",\"url\":\"https:\/\/www.totalservice.com.co\/?product=dvr-espejo-para-carro-sn9000\",\"name\":\"Dvr SN 9000 - Total Service Car Audio\",\"isPartOf\":{\"@id\":\"https:\/\/www.totalservice.com.co\/#website\"},\"primaryImageOfPage\":{\"@id\":\"https:\/\/www.totalservice.com.co\/?product=dvr-espejo-para-carro-sn9000#primaryimage\"},\"image\":{\"@id\":\"https:\/\/www.totalservice.com.co\/?product=dvr-espejo-para-carro-sn9000#primaryimage\"},\"thumbnailUrl\":\"https:\/\/www.totalservice.com.co\/wp-content\/uploads\/2022\/12\/Dvr-SN9000-con-fondo-blanco.png\",\"datePublished\":\"2022-12-28T18:05:09+00:00\",\"dateModified\":\"2024-12-12T15:12:49+00:00\",\"description\":\"Espejo DVR para carro con pantalla touch marca Ultra - Funci\u00f3n dual o sencilla de c\u00e1maras - Sensor de reversa\",\"breadcrumb\":{\"@id\":\"https:\/\/www.totalservice.com.co\/?product=dvr-espejo-para-carro-sn9000#breadcrumb\"},\"inLanguage\":\"es\",\"potentialAction\":[{\"@type\":\"ReadAction\",\"target\":[\"https:\/\/www.totalservice.com.co\/?product=dvr-espejo-para-carro-sn9000\"]}]},{\"@type\":\"ImageObject\",\"inLanguage\":\"es\",\"@id\":\"https:\/\/www.totalservice.com.co\/?product=dvr-espejo-para-carro-sn9000#primaryimage\",\"url\":\"https:\/\/www.totalservice.com.co\/wp-content\/uploads\/2022\/12\/Dvr-SN9000-con-fondo-blanco.png\",\"contentUrl\":\"https:\/\/www.totalservice.com.co\/wp-content\/uploads\/2022\/12\/Dvr-SN9000-con-fondo-blanco.png\",\"width\":2400,\"height\":2400},{\"@type\":\"BreadcrumbList\",\"@id\":\"https:\/\/www.totalservice.com.co\/?product=dvr-espejo-para-carro-sn9000#breadcrumb\",\"itemListElement\":[{\"@type\":\"ListItem\",\"position\":1,\"name\":\"Portada\",\"item\":\"https:\/\/www.totalservice.com.co\/\"},{\"@type\":\"ListItem\",\"position\":2,\"name\":\"Tienda\",\"item\":\"https:\/\/www.totalservice.com.co\/?page_id=2019\"},{\"@type\":\"ListItem\",\"position\":3,\"name\":\"Dvr SN 9000\"}]},{\"@type\":\"WebSite\",\"@id\":\"https:\/\/www.totalservice.com.co\/#website\",\"url\":\"https:\/\/www.totalservice.com.co\/\",\"name\":\"Total Service Car Audio\",\"description\":\"Tienda Online de Accesorios para Veh\u00edculos\",\"publisher\":{\"@id\":\"https:\/\/www.totalservice.com.co\/#organization\"},\"potentialAction\":[{\"@type\":\"SearchAction\",\"target\":{\"@type\":\"EntryPoint\",\"urlTemplate\":\"https:\/\/www.totalservice.com.co\/?s={search_term_string}\"},\"query-input\":{\"@type\":\"PropertyValueSpecification\",\"valueRequired\":true,\"valueName\":\"search_term_string\"}}],\"inLanguage\":\"es\"},{\"@type\":\"Organization\",\"@id\":\"https:\/\/www.totalservice.com.co\/#organization\",\"name\":\"Total Service Car Audio\",\"url\":\"https:\/\/www.totalservice.com.co\/\",\"logo\":{\"@type\":\"ImageObject\",\"inLanguage\":\"es\",\"@id\":\"https:\/\/www.totalservice.com.co\/#\/schema\/logo\/image\/\",\"url\":\"https:\/\/www.totalservice.com.co\/wp-content\/uploads\/2022\/08\/cropped-cropped-cropped-logo-total-service-02-3.png\",\"contentUrl\":\"https:\/\/www.totalservice.com.co\/wp-content\/uploads\/2022\/08\/cropped-cropped-cropped-logo-total-service-02-3.png\",\"width\":2251,\"height\":750,\"caption\":\"Total Service Car Audio\"},\"image\":{\"@id\":\"https:\/\/www.totalservice.com.co\/#\/schema\/logo\/image\/\"}}]}<\/script>\n<!-- \/ Yoast SEO plugin. -->","yoast_head_json":{"title":"Dvr SN 9000 - Total Service Car Audio","description":"Espejo DVR para carro con pantalla touch marca Ultra - Funci\u00f3n dual o sencilla de c\u00e1maras - Sensor de reversa","robots":{"index":"index","follow":"follow","max-snippet":"max-snippet:-1","max-image-preview":"max-image-preview:large","max-video-preview":"max-video-preview:-1"},"canonical":"https:\/\/www.totalservice.com.co\/?product=dvr-espejo-para-carro-sn9000","og_locale":"es_ES","og_type":"article","og_title":"Dvr SN 9000 - Total Service Car Audio","og_description":"Espejo DVR para carro con pantalla touch marca Ultra - Funci\u00f3n dual o sencilla de c\u00e1maras - Sensor de reversa","og_url":"https:\/\/www.totalservice.com.co\/?product=dvr-espejo-para-carro-sn9000","og_site_name":"Total Service Car Audio","article_modified_time":"2024-12-12T15:12:49+00:00","og_image":[{"width":1024,"height":1024,"url":"https:\/\/www.totalservice.com.co\/wp-content\/uploads\/2022\/12\/Dvr-SN9000-con-fondo-blanco-1024x1024.png","type":"image\/png"}],"twitter_card":"summary_large_image","twitter_misc":{"Tiempo de lectura":"1 minuto"},"schema":{"@context":"https:\/\/schema.org","@graph":[{"@type":"WebPage","@id":"https:\/\/www.totalservice.com.co\/?product=dvr-espejo-para-carro-sn9000","url":"https:\/\/www.totalservice.com.co\/?product=dvr-espejo-para-carro-sn9000","name":"Dvr SN 9000 - Total Service Car Audio","isPartOf":{"@id":"https:\/\/www.totalservice.com.co\/#website"},"primaryImageOfPage":{"@id":"https:\/\/www.totalservice.com.co\/?product=dvr-espejo-para-carro-sn9000#primaryimage"},"image":{"@id":"https:\/\/www.totalservice.com.co\/?product=dvr-espejo-para-carro-sn9000#primaryimage"},"thumbnailUrl":"https:\/\/www.totalservice.com.co\/wp-content\/uploads\/2022\/12\/Dvr-SN9000-con-fondo-blanco.png","datePublished":"2022-12-28T18:05:09+00:00","dateModified":"2024-12-12T15:12:49+00:00","description":"Espejo DVR para carro con pantalla touch marca Ultra - Funci\u00f3n dual o sencilla de c\u00e1maras - Sensor de reversa","breadcrumb":{"@id":"https:\/\/www.totalservice.com.co\/?product=dvr-espejo-para-carro-sn9000#breadcrumb"},"inLanguage":"es","potentialAction":[{"@type":"ReadAction","target":["https:\/\/www.totalservice.com.co\/?product=dvr-espejo-para-carro-sn9000"]}]},{"@type":"ImageObject","inLanguage":"es","@id":"https:\/\/www.totalservice.com.co\/?product=dvr-espejo-para-carro-sn9000#primaryimage","url":"https:\/\/www.totalservice.com.co\/wp-content\/uploads\/2022\/12\/Dvr-SN9000-con-fondo-blanco.png","contentUrl":"https:\/\/www.totalservice.com.co\/wp-content\/uploads\/2022\/12\/Dvr-SN9000-con-fondo-blanco.png","width":2400,"height":2400},{"@type":"BreadcrumbList","@id":"https:\/\/www.totalservice.com.co\/?product=dvr-espejo-para-carro-sn9000#breadcrumb","itemListElement":[{"@type":"ListItem","position":1,"name":"Portada","item":"https:\/\/www.totalservice.com.co\/"},{"@type":"ListItem","position":2,"name":"Tienda","item":"https:\/\/www.totalservice.com.co\/?page_id=2019"},{"@type":"ListItem","position":3,"name":"Dvr SN 9000"}]},{"@type":"WebSite","@id":"https:\/\/www.totalservice.com.co\/#website","url":"https:\/\/www.totalservice.com.co\/","name":"Total Service Car Audio","description":"Tienda Online de Accesorios para Veh\u00edculos","publisher":{"@id":"https:\/\/www.totalservice.com.co\/#organization"},"potentialAction":[{"@type":"SearchAction","target":{"@type":"EntryPoint","urlTemplate":"https:\/\/www.totalservice.com.co\/?s={search_term_string}"},"query-input":{"@type":"PropertyValueSpecification","valueRequired":true,"valueName":"search_term_string"}}],"inLanguage":"es"},{"@type":"Organization","@id":"https:\/\/www.totalservice.com.co\/#organization","name":"Total Service Car Audio","url":"https:\/\/www.totalservice.com.co\/","logo":{"@type":"ImageObject","inLanguage":"es","@id":"https:\/\/www.totalservice.com.co\/#\/schema\/logo\/image\/","url":"https:\/\/www.totalservice.com.co\/wp-content\/uploads\/2022\/08\/cropped-cropped-cropped-logo-total-service-02-3.png","contentUrl":"https:\/\/www.totalservice.com.co\/wp-content\/uploads\/2022\/08\/cropped-cropped-cropped-logo-total-service-02-3.png","width":2251,"height":750,"caption":"Total Service Car Audio"},"image":{"@id":"https:\/\/www.totalservice.com.co\/#\/schema\/logo\/image\/"}}]}},"_links":{"self":[{"href":"https:\/\/www.totalservice.com.co\/index.php?rest_route=\/wp\/v2\/product\/984","targetHints":{"allow":["GET"]}}],"collection":[{"href":"https:\/\/www.totalservice.com.co\/index.php?rest_route=\/wp\/v2\/product"}],"about":[{"href":"https:\/\/www.totalservice.com.co\/index.php?rest_route=\/wp\/v2\/types\/product"}],"wp:featuredmedia":[{"embeddable":true,"href":"https:\/\/www.totalservice.com.co\/index.php?rest_route=\/wp\/v2\/media\/2155"}],"wp:attachment":[{"href":"https:\/\/www.totalservice.com.co\/index.php?rest_route=%2Fwp%2Fv2%2Fmedia&parent=984"}],"wp:term":[{"taxonomy":"product_brand","embeddable":true,"href":"https:\/\/www.totalservice.com.co\/index.php?rest_route=%2Fwp%2Fv2%2Fproduct_brand&post=984"},{"taxonomy":"product_cat","embeddable":true,"href":"https:\/\/www.totalservice.com.co\/index.php?rest_route=%2Fwp%2Fv2%2Fproduct_cat&post=984"},{"taxonomy":"product_tag","embeddable":true,"href":"https:\/\/www.totalservice.com.co\/index.php?rest_route=%2Fwp%2Fv2%2Fproduct_tag&post=984"}],"curies":[{"name":"wp","href":"https:\/\/api.w.org\/{rel}","templated":true}]}}