{"id":977,"date":"2022-12-28T18:00:23","date_gmt":"2022-12-28T18:00:23","guid":{"rendered":"https:\/\/www.totalservice.com.co\/?post_type=product&#038;p=977"},"modified":"2024-01-18T15:31:38","modified_gmt":"2024-01-18T15:31:38","slug":"dvr-espejo-para-carro-utl-801","status":"publish","type":"product","link":"https:\/\/www.totalservice.com.co\/?product=dvr-espejo-para-carro-utl-801","title":{"rendered":"Dvr ULT &#8211; 801"},"content":{"rendered":"<h2>Caracter\u00edsticas Principales:<\/h2>\n<p>&nbsp;<\/p>\n<ul>\n<li>Grabaci\u00f3n de videos por sensor de movimiento: El sistema cuenta con un sensor de movimiento de sensibilidad ajustable, el cual funciona con el veh\u00edculo apaga- do o encendido. Si el veh\u00edculo est\u00e1 encendido y se mueve, el sistema de forma autom\u00e1tica iniciar\u00e1 a grabar al detectar movimiento en el veh\u00edculo. En cambio, si el veh\u00edculo est\u00e1 apagado y se detecta movimiento, el sistema de forma autom\u00e1tica se encender\u00e1 e iniciar\u00e1 la grabaci\u00f3n.<\/li>\n<li>Protector de pantalla: El sistema cuenta con la funci\u00f3n de protector de pantalla, el cual nos permite apagar la pantalla de forma autom\u00e1tica e igualmente se continuar\u00e1 grabando el trayecto.<\/li>\n<li>Captura de fotograf\u00edas: El sistema permite capturar fotograf\u00edas en cualquier momento, almacenando dichas fotograf\u00edas con la resoluci\u00f3n configurada.<\/li>\n<li>Apagado autom\u00e1tico: El sistema nos permite elegir entre 3, 5, 10 minutos para la ejecuci\u00f3n del apagado autom\u00e1tico.<\/li>\n<\/ul>\n<p>Indicadores de estado: En la pantalla del sistema encontramos varios indicadores para tener conocimiento de la configuraci\u00f3n y estado del sistema.<\/p>\n","protected":false},"excerpt":{"rendered":"<p>El DVR UTL 801 (doble c\u00e1mara) monitorea los trayectos realizados en el veh\u00edculo mediante v\u00eddeos de alta resoluci\u00f3n, gracias al formato que maneja el sistema, permite grabar v\u00eddeos por ciclos de 1, 2, 3 minutos, para manipular de manera m\u00e1s f\u00e1cil y r\u00e1pida los archivos<\/p>\n<p>&nbsp;<\/p>\n<p>&nbsp;<\/p>\n","protected":false},"featured_media":2156,"template":"","meta":{"site-sidebar-layout":"default","site-content-layout":"default","ast-site-content-layout":"default","site-content-style":"default","site-sidebar-style":"default","ast-global-header-display":"","ast-banner-title-visibility":"","ast-main-header-display":"","ast-hfb-above-header-display":"","ast-hfb-below-header-display":"","ast-hfb-mobile-header-display":"","site-post-title":"","ast-breadcrumbs-content":"","ast-featured-img":"","footer-sml-layout":"","ast-disable-related-posts":"","theme-transparent-header-meta":"default","adv-header-id-meta":"","stick-header-meta":"","header-above-stick-meta":"","header-main-stick-meta":"","header-below-stick-meta":"","astra-migrate-meta-layouts":"default","ast-page-background-enabled":"default","ast-page-background-meta":{"desktop":{"background-color":"","background-image":"","background-repeat":"repeat","background-position":"center center","background-size":"auto","background-attachment":"scroll","background-type":"","background-media":"","overlay-type":"","overlay-color":"","overlay-opacity":"","overlay-gradient":""},"tablet":{"background-color":"","background-image":"","background-repeat":"repeat","background-position":"center center","background-size":"auto","background-attachment":"scroll","background-type":"","background-media":"","overlay-type":"","overlay-color":"","overlay-opacity":"","overlay-gradient":""},"mobile":{"background-color":"","background-image":"","background-repeat":"repeat","background-position":"center center","background-size":"auto","background-attachment":"scroll","background-type":"","background-media":"","overlay-type":"","overlay-color":"","overlay-opacity":"","overlay-gradient":""}},"ast-content-background-meta":{"desktop":{"background-color":"var(--ast-global-color-5)","background-image":"","background-repeat":"repeat","background-position":"center center","background-size":"auto","background-attachment":"scroll","background-type":"","background-media":"","overlay-type":"","overlay-color":"","overlay-opacity":"","overlay-gradient":""},"tablet":{"background-color":"var(--ast-global-color-5)","background-image":"","background-repeat":"repeat","background-position":"center center","background-size":"auto","background-attachment":"scroll","background-type":"","background-media":"","overlay-type":"","overlay-color":"","overlay-opacity":"","overlay-gradient":""},"mobile":{"background-color":"var(--ast-global-color-5)","background-image":"","background-repeat":"repeat","background-position":"center center","background-size":"auto","background-attachment":"scroll","background-type":"","background-media":"","overlay-type":"","overlay-color":"","overlay-opacity":"","overlay-gradient":""}}},"product_brand":[],"product_cat":[33,125],"product_tag":[],"class_list":{"0":"post-977","1":"product","2":"type-product","3":"status-publish","4":"has-post-thumbnail","6":"product_cat-carros","7":"product_cat-dvr","8":"desktop-align-left","9":"tablet-align-left","10":"mobile-align-left","12":"first","13":"instock","14":"shipping-taxable","15":"purchasable","16":"product-type-simple"},"yoast_head":"<!-- This site is optimized with the Yoast SEO plugin v26.7 - https:\/\/yoast.com\/wordpress\/plugins\/seo\/ -->\n<title>Dvr ULT - 801 - Total Service Car Audio<\/title>\n<meta name=\"description\" content=\"Dvr ULT - 801 para carro - Monitoreo en tiempo real de los trayectos del veh\u00edculo Dvr ULT - 801 Dos c\u00e1maras\" \/>\n<meta name=\"robots\" content=\"index, follow, max-snippet:-1, max-image-preview:large, max-video-preview:-1\" \/>\n<link rel=\"canonical\" href=\"https:\/\/www.totalservice.com.co\/?product=dvr-espejo-para-carro-utl-801\" \/>\n<meta property=\"og:locale\" content=\"es_ES\" \/>\n<meta property=\"og:type\" content=\"article\" \/>\n<meta property=\"og:title\" content=\"Dvr ULT - 801 - Total Service Car Audio\" \/>\n<meta property=\"og:description\" content=\"Dvr ULT - 801 para carro - Monitoreo en tiempo real de los trayectos del veh\u00edculo Dvr ULT - 801 Dos c\u00e1maras\" \/>\n<meta property=\"og:url\" content=\"https:\/\/www.totalservice.com.co\/?product=dvr-espejo-para-carro-utl-801\" \/>\n<meta property=\"og:site_name\" content=\"Total Service Car Audio\" \/>\n<meta property=\"article:modified_time\" content=\"2024-01-18T15:31:38+00:00\" \/>\n<meta property=\"og:image\" content=\"https:\/\/www.totalservice.com.co\/wp-content\/uploads\/2022\/12\/dvr-810-con-fondo-blanco.png\" \/>\n\t<meta property=\"og:image:width\" content=\"2400\" \/>\n\t<meta property=\"og:image:height\" content=\"2400\" \/>\n\t<meta property=\"og:image:type\" content=\"image\/png\" \/>\n<meta name=\"twitter:card\" content=\"summary_large_image\" \/>\n<meta name=\"twitter:label1\" content=\"Tiempo de lectura\" \/>\n\t<meta name=\"twitter:data1\" content=\"1 minuto\" \/>\n<script type=\"application\/ld+json\" class=\"yoast-schema-graph\">{\"@context\":\"https:\/\/schema.org\",\"@graph\":[{\"@type\":\"WebPage\",\"@id\":\"https:\/\/www.totalservice.com.co\/?product=dvr-espejo-para-carro-utl-801\",\"url\":\"https:\/\/www.totalservice.com.co\/?product=dvr-espejo-para-carro-utl-801\",\"name\":\"Dvr ULT - 801 - Total Service Car Audio\",\"isPartOf\":{\"@id\":\"https:\/\/www.totalservice.com.co\/#website\"},\"primaryImageOfPage\":{\"@id\":\"https:\/\/www.totalservice.com.co\/?product=dvr-espejo-para-carro-utl-801#primaryimage\"},\"image\":{\"@id\":\"https:\/\/www.totalservice.com.co\/?product=dvr-espejo-para-carro-utl-801#primaryimage\"},\"thumbnailUrl\":\"https:\/\/www.totalservice.com.co\/wp-content\/uploads\/2022\/12\/dvr-810-con-fondo-blanco.png\",\"datePublished\":\"2022-12-28T18:00:23+00:00\",\"dateModified\":\"2024-01-18T15:31:38+00:00\",\"description\":\"Dvr ULT - 801 para carro - Monitoreo en tiempo real de los trayectos del veh\u00edculo Dvr ULT - 801 Dos c\u00e1maras\",\"breadcrumb\":{\"@id\":\"https:\/\/www.totalservice.com.co\/?product=dvr-espejo-para-carro-utl-801#breadcrumb\"},\"inLanguage\":\"es\",\"potentialAction\":[{\"@type\":\"ReadAction\",\"target\":[\"https:\/\/www.totalservice.com.co\/?product=dvr-espejo-para-carro-utl-801\"]}]},{\"@type\":\"ImageObject\",\"inLanguage\":\"es\",\"@id\":\"https:\/\/www.totalservice.com.co\/?product=dvr-espejo-para-carro-utl-801#primaryimage\",\"url\":\"https:\/\/www.totalservice.com.co\/wp-content\/uploads\/2022\/12\/dvr-810-con-fondo-blanco.png\",\"contentUrl\":\"https:\/\/www.totalservice.com.co\/wp-content\/uploads\/2022\/12\/dvr-810-con-fondo-blanco.png\",\"width\":2400,\"height\":2400},{\"@type\":\"BreadcrumbList\",\"@id\":\"https:\/\/www.totalservice.com.co\/?product=dvr-espejo-para-carro-utl-801#breadcrumb\",\"itemListElement\":[{\"@type\":\"ListItem\",\"position\":1,\"name\":\"Portada\",\"item\":\"https:\/\/www.totalservice.com.co\/\"},{\"@type\":\"ListItem\",\"position\":2,\"name\":\"Tienda\",\"item\":\"https:\/\/www.totalservice.com.co\/?page_id=2019\"},{\"@type\":\"ListItem\",\"position\":3,\"name\":\"Dvr ULT &#8211; 801\"}]},{\"@type\":\"WebSite\",\"@id\":\"https:\/\/www.totalservice.com.co\/#website\",\"url\":\"https:\/\/www.totalservice.com.co\/\",\"name\":\"Total Service Car Audio\",\"description\":\"Tienda Online de Accesorios para Veh\u00edculos\",\"publisher\":{\"@id\":\"https:\/\/www.totalservice.com.co\/#organization\"},\"potentialAction\":[{\"@type\":\"SearchAction\",\"target\":{\"@type\":\"EntryPoint\",\"urlTemplate\":\"https:\/\/www.totalservice.com.co\/?s={search_term_string}\"},\"query-input\":{\"@type\":\"PropertyValueSpecification\",\"valueRequired\":true,\"valueName\":\"search_term_string\"}}],\"inLanguage\":\"es\"},{\"@type\":\"Organization\",\"@id\":\"https:\/\/www.totalservice.com.co\/#organization\",\"name\":\"Total Service Car Audio\",\"url\":\"https:\/\/www.totalservice.com.co\/\",\"logo\":{\"@type\":\"ImageObject\",\"inLanguage\":\"es\",\"@id\":\"https:\/\/www.totalservice.com.co\/#\/schema\/logo\/image\/\",\"url\":\"https:\/\/www.totalservice.com.co\/wp-content\/uploads\/2022\/08\/cropped-cropped-cropped-logo-total-service-02-3.png\",\"contentUrl\":\"https:\/\/www.totalservice.com.co\/wp-content\/uploads\/2022\/08\/cropped-cropped-cropped-logo-total-service-02-3.png\",\"width\":2251,\"height\":750,\"caption\":\"Total Service Car Audio\"},\"image\":{\"@id\":\"https:\/\/www.totalservice.com.co\/#\/schema\/logo\/image\/\"}}]}<\/script>\n<!-- \/ Yoast SEO plugin. -->","yoast_head_json":{"title":"Dvr ULT - 801 - Total Service Car Audio","description":"Dvr ULT - 801 para carro - Monitoreo en tiempo real de los trayectos del veh\u00edculo Dvr ULT - 801 Dos c\u00e1maras","robots":{"index":"index","follow":"follow","max-snippet":"max-snippet:-1","max-image-preview":"max-image-preview:large","max-video-preview":"max-video-preview:-1"},"canonical":"https:\/\/www.totalservice.com.co\/?product=dvr-espejo-para-carro-utl-801","og_locale":"es_ES","og_type":"article","og_title":"Dvr ULT - 801 - Total Service Car Audio","og_description":"Dvr ULT - 801 para carro - Monitoreo en tiempo real de los trayectos del veh\u00edculo Dvr ULT - 801 Dos c\u00e1maras","og_url":"https:\/\/www.totalservice.com.co\/?product=dvr-espejo-para-carro-utl-801","og_site_name":"Total Service Car Audio","article_modified_time":"2024-01-18T15:31:38+00:00","og_image":[{"width":2400,"height":2400,"url":"https:\/\/www.totalservice.com.co\/wp-content\/uploads\/2022\/12\/dvr-810-con-fondo-blanco.png","type":"image\/png"}],"twitter_card":"summary_large_image","twitter_misc":{"Tiempo de lectura":"1 minuto"},"schema":{"@context":"https:\/\/schema.org","@graph":[{"@type":"WebPage","@id":"https:\/\/www.totalservice.com.co\/?product=dvr-espejo-para-carro-utl-801","url":"https:\/\/www.totalservice.com.co\/?product=dvr-espejo-para-carro-utl-801","name":"Dvr ULT - 801 - Total Service Car Audio","isPartOf":{"@id":"https:\/\/www.totalservice.com.co\/#website"},"primaryImageOfPage":{"@id":"https:\/\/www.totalservice.com.co\/?product=dvr-espejo-para-carro-utl-801#primaryimage"},"image":{"@id":"https:\/\/www.totalservice.com.co\/?product=dvr-espejo-para-carro-utl-801#primaryimage"},"thumbnailUrl":"https:\/\/www.totalservice.com.co\/wp-content\/uploads\/2022\/12\/dvr-810-con-fondo-blanco.png","datePublished":"2022-12-28T18:00:23+00:00","dateModified":"2024-01-18T15:31:38+00:00","description":"Dvr ULT - 801 para carro - Monitoreo en tiempo real de los trayectos del veh\u00edculo Dvr ULT - 801 Dos c\u00e1maras","breadcrumb":{"@id":"https:\/\/www.totalservice.com.co\/?product=dvr-espejo-para-carro-utl-801#breadcrumb"},"inLanguage":"es","potentialAction":[{"@type":"ReadAction","target":["https:\/\/www.totalservice.com.co\/?product=dvr-espejo-para-carro-utl-801"]}]},{"@type":"ImageObject","inLanguage":"es","@id":"https:\/\/www.totalservice.com.co\/?product=dvr-espejo-para-carro-utl-801#primaryimage","url":"https:\/\/www.totalservice.com.co\/wp-content\/uploads\/2022\/12\/dvr-810-con-fondo-blanco.png","contentUrl":"https:\/\/www.totalservice.com.co\/wp-content\/uploads\/2022\/12\/dvr-810-con-fondo-blanco.png","width":2400,"height":2400},{"@type":"BreadcrumbList","@id":"https:\/\/www.totalservice.com.co\/?product=dvr-espejo-para-carro-utl-801#breadcrumb","itemListElement":[{"@type":"ListItem","position":1,"name":"Portada","item":"https:\/\/www.totalservice.com.co\/"},{"@type":"ListItem","position":2,"name":"Tienda","item":"https:\/\/www.totalservice.com.co\/?page_id=2019"},{"@type":"ListItem","position":3,"name":"Dvr ULT &#8211; 801"}]},{"@type":"WebSite","@id":"https:\/\/www.totalservice.com.co\/#website","url":"https:\/\/www.totalservice.com.co\/","name":"Total Service Car Audio","description":"Tienda Online de Accesorios para Veh\u00edculos","publisher":{"@id":"https:\/\/www.totalservice.com.co\/#organization"},"potentialAction":[{"@type":"SearchAction","target":{"@type":"EntryPoint","urlTemplate":"https:\/\/www.totalservice.com.co\/?s={search_term_string}"},"query-input":{"@type":"PropertyValueSpecification","valueRequired":true,"valueName":"search_term_string"}}],"inLanguage":"es"},{"@type":"Organization","@id":"https:\/\/www.totalservice.com.co\/#organization","name":"Total Service Car Audio","url":"https:\/\/www.totalservice.com.co\/","logo":{"@type":"ImageObject","inLanguage":"es","@id":"https:\/\/www.totalservice.com.co\/#\/schema\/logo\/image\/","url":"https:\/\/www.totalservice.com.co\/wp-content\/uploads\/2022\/08\/cropped-cropped-cropped-logo-total-service-02-3.png","contentUrl":"https:\/\/www.totalservice.com.co\/wp-content\/uploads\/2022\/08\/cropped-cropped-cropped-logo-total-service-02-3.png","width":2251,"height":750,"caption":"Total Service Car Audio"},"image":{"@id":"https:\/\/www.totalservice.com.co\/#\/schema\/logo\/image\/"}}]}},"_links":{"self":[{"href":"https:\/\/www.totalservice.com.co\/index.php?rest_route=\/wp\/v2\/product\/977","targetHints":{"allow":["GET"]}}],"collection":[{"href":"https:\/\/www.totalservice.com.co\/index.php?rest_route=\/wp\/v2\/product"}],"about":[{"href":"https:\/\/www.totalservice.com.co\/index.php?rest_route=\/wp\/v2\/types\/product"}],"wp:featuredmedia":[{"embeddable":true,"href":"https:\/\/www.totalservice.com.co\/index.php?rest_route=\/wp\/v2\/media\/2156"}],"wp:attachment":[{"href":"https:\/\/www.totalservice.com.co\/index.php?rest_route=%2Fwp%2Fv2%2Fmedia&parent=977"}],"wp:term":[{"taxonomy":"product_brand","embeddable":true,"href":"https:\/\/www.totalservice.com.co\/index.php?rest_route=%2Fwp%2Fv2%2Fproduct_brand&post=977"},{"taxonomy":"product_cat","embeddable":true,"href":"https:\/\/www.totalservice.com.co\/index.php?rest_route=%2Fwp%2Fv2%2Fproduct_cat&post=977"},{"taxonomy":"product_tag","embeddable":true,"href":"https:\/\/www.totalservice.com.co\/index.php?rest_route=%2Fwp%2Fv2%2Fproduct_tag&post=977"}],"curies":[{"name":"wp","href":"https:\/\/api.w.org\/{rel}","templated":true}]}}