{"id":847,"date":"2022-11-28T14:50:41","date_gmt":"2022-11-28T14:50:41","guid":{"rendered":"https:\/\/www.totalservice.com.co\/?post_type=product&#038;p=847"},"modified":"2024-01-31T22:28:29","modified_gmt":"2024-01-31T22:28:29","slug":"radio-utr-39bt","status":"publish","type":"product","link":"https:\/\/www.totalservice.com.co\/?product=radio-utr-39bt","title":{"rendered":"Radio UTR-390BT"},"content":{"rendered":"<h5>Especificaciones t\u00e9cnicas:<\/h5>\n<ul>\n<li>Pixeles 656 x 492.<\/li>\n<li>Color negro.<\/li>\n<li>Voltaje de operaci\u00f3n 12VDC.<\/li>\n<li>Consumo 860mW<\/li>\n<li>Angulo de lente 150\u00b0.<\/li>\n<li>Visi\u00f3n Nocturna.<\/li>\n<\/ul>\n","protected":false},"excerpt":{"rendered":"<p>Radio economico con grandes prestaciones, permite la reproducci\u00f3n de multimedia mediante la conexi\u00f3n Bluetooth, adem\u00e1s permite la ecualizaci\u00f3n de sonido a trav\u00e9s de su App<\/p>\n","protected":false},"featured_media":2378,"template":"","meta":{"site-sidebar-layout":"default","site-content-layout":"default","ast-site-content-layout":"default","site-content-style":"default","site-sidebar-style":"default","ast-global-header-display":"","ast-banner-title-visibility":"","ast-main-header-display":"","ast-hfb-above-header-display":"","ast-hfb-below-header-display":"","ast-hfb-mobile-header-display":"","site-post-title":"","ast-breadcrumbs-content":"","ast-featured-img":"","footer-sml-layout":"","ast-disable-related-posts":"","theme-transparent-header-meta":"default","adv-header-id-meta":"","stick-header-meta":"","header-above-stick-meta":"","header-main-stick-meta":"","header-below-stick-meta":"","astra-migrate-meta-layouts":"default","ast-page-background-enabled":"default","ast-page-background-meta":{"desktop":{"background-color":"","background-image":"","background-repeat":"repeat","background-position":"center center","background-size":"auto","background-attachment":"scroll","background-type":"","background-media":"","overlay-type":"","overlay-color":"","overlay-opacity":"","overlay-gradient":""},"tablet":{"background-color":"","background-image":"","background-repeat":"repeat","background-position":"center center","background-size":"auto","background-attachment":"scroll","background-type":"","background-media":"","overlay-type":"","overlay-color":"","overlay-opacity":"","overlay-gradient":""},"mobile":{"background-color":"","background-image":"","background-repeat":"repeat","background-position":"center center","background-size":"auto","background-attachment":"scroll","background-type":"","background-media":"","overlay-type":"","overlay-color":"","overlay-opacity":"","overlay-gradient":""}},"ast-content-background-meta":{"desktop":{"background-color":"var(--ast-global-color-5)","background-image":"","background-repeat":"repeat","background-position":"center center","background-size":"auto","background-attachment":"scroll","background-type":"","background-media":"","overlay-type":"","overlay-color":"","overlay-opacity":"","overlay-gradient":""},"tablet":{"background-color":"var(--ast-global-color-5)","background-image":"","background-repeat":"repeat","background-position":"center center","background-size":"auto","background-attachment":"scroll","background-type":"","background-media":"","overlay-type":"","overlay-color":"","overlay-opacity":"","overlay-gradient":""},"mobile":{"background-color":"var(--ast-global-color-5)","background-image":"","background-repeat":"repeat","background-position":"center center","background-size":"auto","background-attachment":"scroll","background-type":"","background-media":"","overlay-type":"","overlay-color":"","overlay-opacity":"","overlay-gradient":""}}},"product_brand":[],"product_cat":[122,33],"product_tag":[],"class_list":{"0":"post-847","1":"product","2":"type-product","3":"status-publish","4":"has-post-thumbnail","6":"product_cat-car-audio","7":"product_cat-carros","8":"desktop-align-left","9":"tablet-align-left","10":"mobile-align-left","12":"first","13":"instock","14":"shipping-taxable","15":"purchasable","16":"product-type-simple"},"yoast_head":"<!-- This site is optimized with the Yoast SEO plugin v26.7 - https:\/\/yoast.com\/wordpress\/plugins\/seo\/ -->\n<title>Radio UTR-390BT - Total Service Car Audio<\/title>\n<meta name=\"description\" content=\"Radio UTR-390BT - Radio 390BT:Radio economico con grandes prestaciones, permite la reproducci\u00f3n de multimedia mediante la conexi\u00f3n Bluetooth, adem\u00e1s permite la ecualizaci\u00f3n de sonido a trav\u00e9s de su App Especificaciones tecnicas:\u2022 Pixeles 656 x 492. \u2022 Color negro. \u2022 Voltaje de operaci\u00f3n 12VDC. \u2022 Consumo 860mW \u2022 Impermeable. \u2022 Angulo de lente 150\u00b0. \u2022 Visi\u00f3n Nocturna.\" \/>\n<meta name=\"robots\" content=\"index, follow, max-snippet:-1, max-image-preview:large, max-video-preview:-1\" \/>\n<link rel=\"canonical\" href=\"https:\/\/www.totalservice.com.co\/?product=radio-utr-39bt\" \/>\n<meta property=\"og:locale\" content=\"es_ES\" \/>\n<meta property=\"og:type\" content=\"article\" \/>\n<meta property=\"og:title\" content=\"Radio UTR-390BT - Total Service Car Audio\" \/>\n<meta property=\"og:description\" content=\"Radio UTR-390BT - Radio 390BT:Radio economico con grandes prestaciones, permite la reproducci\u00f3n de multimedia mediante la conexi\u00f3n Bluetooth, adem\u00e1s permite la ecualizaci\u00f3n de sonido a trav\u00e9s de su App Especificaciones tecnicas:\u2022 Pixeles 656 x 492. \u2022 Color negro. \u2022 Voltaje de operaci\u00f3n 12VDC. \u2022 Consumo 860mW \u2022 Impermeable. \u2022 Angulo de lente 150\u00b0. \u2022 Visi\u00f3n Nocturna.\" \/>\n<meta property=\"og:url\" content=\"https:\/\/www.totalservice.com.co\/?product=radio-utr-39bt\" \/>\n<meta property=\"og:site_name\" content=\"Total Service Car Audio\" \/>\n<meta property=\"article:modified_time\" content=\"2024-01-31T22:28:29+00:00\" \/>\n<meta property=\"og:image\" content=\"https:\/\/www.totalservice.com.co\/wp-content\/uploads\/2022\/11\/radio-2-fondo-blanco.png\" \/>\n\t<meta property=\"og:image:width\" content=\"2400\" \/>\n\t<meta property=\"og:image:height\" content=\"2400\" \/>\n\t<meta property=\"og:image:type\" content=\"image\/png\" \/>\n<meta name=\"twitter:card\" content=\"summary_large_image\" \/>\n<meta name=\"twitter:label1\" content=\"Tiempo de lectura\" \/>\n\t<meta name=\"twitter:data1\" content=\"1 minuto\" \/>\n<script type=\"application\/ld+json\" class=\"yoast-schema-graph\">{\"@context\":\"https:\/\/schema.org\",\"@graph\":[{\"@type\":\"WebPage\",\"@id\":\"https:\/\/www.totalservice.com.co\/?product=radio-utr-39bt\",\"url\":\"https:\/\/www.totalservice.com.co\/?product=radio-utr-39bt\",\"name\":\"Radio UTR-390BT - Total Service Car Audio\",\"isPartOf\":{\"@id\":\"https:\/\/www.totalservice.com.co\/#website\"},\"primaryImageOfPage\":{\"@id\":\"https:\/\/www.totalservice.com.co\/?product=radio-utr-39bt#primaryimage\"},\"image\":{\"@id\":\"https:\/\/www.totalservice.com.co\/?product=radio-utr-39bt#primaryimage\"},\"thumbnailUrl\":\"https:\/\/www.totalservice.com.co\/wp-content\/uploads\/2022\/11\/radio-2-fondo-blanco.png\",\"datePublished\":\"2022-11-28T14:50:41+00:00\",\"dateModified\":\"2024-01-31T22:28:29+00:00\",\"description\":\"Radio UTR-390BT - Radio 390BT:Radio economico con grandes prestaciones, permite la reproducci\u00f3n de multimedia mediante la conexi\u00f3n Bluetooth, adem\u00e1s permite la ecualizaci\u00f3n de sonido a trav\u00e9s de su App Especificaciones tecnicas:\u2022 Pixeles 656 x 492. \u2022 Color negro. \u2022 Voltaje de operaci\u00f3n 12VDC. \u2022 Consumo 860mW \u2022 Impermeable. \u2022 Angulo de lente 150\u00b0. \u2022 Visi\u00f3n Nocturna.\",\"breadcrumb\":{\"@id\":\"https:\/\/www.totalservice.com.co\/?product=radio-utr-39bt#breadcrumb\"},\"inLanguage\":\"es\",\"potentialAction\":[{\"@type\":\"ReadAction\",\"target\":[\"https:\/\/www.totalservice.com.co\/?product=radio-utr-39bt\"]}]},{\"@type\":\"ImageObject\",\"inLanguage\":\"es\",\"@id\":\"https:\/\/www.totalservice.com.co\/?product=radio-utr-39bt#primaryimage\",\"url\":\"https:\/\/www.totalservice.com.co\/wp-content\/uploads\/2022\/11\/radio-2-fondo-blanco.png\",\"contentUrl\":\"https:\/\/www.totalservice.com.co\/wp-content\/uploads\/2022\/11\/radio-2-fondo-blanco.png\",\"width\":2400,\"height\":2400},{\"@type\":\"BreadcrumbList\",\"@id\":\"https:\/\/www.totalservice.com.co\/?product=radio-utr-39bt#breadcrumb\",\"itemListElement\":[{\"@type\":\"ListItem\",\"position\":1,\"name\":\"Portada\",\"item\":\"https:\/\/www.totalservice.com.co\/\"},{\"@type\":\"ListItem\",\"position\":2,\"name\":\"Tienda\",\"item\":\"https:\/\/www.totalservice.com.co\/?page_id=2019\"},{\"@type\":\"ListItem\",\"position\":3,\"name\":\"Radio UTR-390BT\"}]},{\"@type\":\"WebSite\",\"@id\":\"https:\/\/www.totalservice.com.co\/#website\",\"url\":\"https:\/\/www.totalservice.com.co\/\",\"name\":\"Total Service Car Audio\",\"description\":\"Tienda Online de Accesorios para Veh\u00edculos\",\"publisher\":{\"@id\":\"https:\/\/www.totalservice.com.co\/#organization\"},\"potentialAction\":[{\"@type\":\"SearchAction\",\"target\":{\"@type\":\"EntryPoint\",\"urlTemplate\":\"https:\/\/www.totalservice.com.co\/?s={search_term_string}\"},\"query-input\":{\"@type\":\"PropertyValueSpecification\",\"valueRequired\":true,\"valueName\":\"search_term_string\"}}],\"inLanguage\":\"es\"},{\"@type\":\"Organization\",\"@id\":\"https:\/\/www.totalservice.com.co\/#organization\",\"name\":\"Total Service Car Audio\",\"url\":\"https:\/\/www.totalservice.com.co\/\",\"logo\":{\"@type\":\"ImageObject\",\"inLanguage\":\"es\",\"@id\":\"https:\/\/www.totalservice.com.co\/#\/schema\/logo\/image\/\",\"url\":\"https:\/\/www.totalservice.com.co\/wp-content\/uploads\/2022\/08\/cropped-cropped-cropped-logo-total-service-02-3.png\",\"contentUrl\":\"https:\/\/www.totalservice.com.co\/wp-content\/uploads\/2022\/08\/cropped-cropped-cropped-logo-total-service-02-3.png\",\"width\":2251,\"height\":750,\"caption\":\"Total Service Car Audio\"},\"image\":{\"@id\":\"https:\/\/www.totalservice.com.co\/#\/schema\/logo\/image\/\"}}]}<\/script>\n<!-- \/ Yoast SEO plugin. -->","yoast_head_json":{"title":"Radio UTR-390BT - Total Service Car Audio","description":"Radio UTR-390BT - Radio 390BT:Radio economico con grandes prestaciones, permite la reproducci\u00f3n de multimedia mediante la conexi\u00f3n Bluetooth, adem\u00e1s permite la ecualizaci\u00f3n de sonido a trav\u00e9s de su App Especificaciones tecnicas:\u2022 Pixeles 656 x 492. \u2022 Color negro. \u2022 Voltaje de operaci\u00f3n 12VDC. \u2022 Consumo 860mW \u2022 Impermeable. \u2022 Angulo de lente 150\u00b0. \u2022 Visi\u00f3n Nocturna.","robots":{"index":"index","follow":"follow","max-snippet":"max-snippet:-1","max-image-preview":"max-image-preview:large","max-video-preview":"max-video-preview:-1"},"canonical":"https:\/\/www.totalservice.com.co\/?product=radio-utr-39bt","og_locale":"es_ES","og_type":"article","og_title":"Radio UTR-390BT - Total Service Car Audio","og_description":"Radio UTR-390BT - Radio 390BT:Radio economico con grandes prestaciones, permite la reproducci\u00f3n de multimedia mediante la conexi\u00f3n Bluetooth, adem\u00e1s permite la ecualizaci\u00f3n de sonido a trav\u00e9s de su App Especificaciones tecnicas:\u2022 Pixeles 656 x 492. \u2022 Color negro. \u2022 Voltaje de operaci\u00f3n 12VDC. \u2022 Consumo 860mW \u2022 Impermeable. \u2022 Angulo de lente 150\u00b0. \u2022 Visi\u00f3n Nocturna.","og_url":"https:\/\/www.totalservice.com.co\/?product=radio-utr-39bt","og_site_name":"Total Service Car Audio","article_modified_time":"2024-01-31T22:28:29+00:00","og_image":[{"width":2400,"height":2400,"url":"https:\/\/www.totalservice.com.co\/wp-content\/uploads\/2022\/11\/radio-2-fondo-blanco.png","type":"image\/png"}],"twitter_card":"summary_large_image","twitter_misc":{"Tiempo de lectura":"1 minuto"},"schema":{"@context":"https:\/\/schema.org","@graph":[{"@type":"WebPage","@id":"https:\/\/www.totalservice.com.co\/?product=radio-utr-39bt","url":"https:\/\/www.totalservice.com.co\/?product=radio-utr-39bt","name":"Radio UTR-390BT - Total Service Car Audio","isPartOf":{"@id":"https:\/\/www.totalservice.com.co\/#website"},"primaryImageOfPage":{"@id":"https:\/\/www.totalservice.com.co\/?product=radio-utr-39bt#primaryimage"},"image":{"@id":"https:\/\/www.totalservice.com.co\/?product=radio-utr-39bt#primaryimage"},"thumbnailUrl":"https:\/\/www.totalservice.com.co\/wp-content\/uploads\/2022\/11\/radio-2-fondo-blanco.png","datePublished":"2022-11-28T14:50:41+00:00","dateModified":"2024-01-31T22:28:29+00:00","description":"Radio UTR-390BT - Radio 390BT:Radio economico con grandes prestaciones, permite la reproducci\u00f3n de multimedia mediante la conexi\u00f3n Bluetooth, adem\u00e1s permite la ecualizaci\u00f3n de sonido a trav\u00e9s de su App Especificaciones tecnicas:\u2022 Pixeles 656 x 492. \u2022 Color negro. \u2022 Voltaje de operaci\u00f3n 12VDC. \u2022 Consumo 860mW \u2022 Impermeable. \u2022 Angulo de lente 150\u00b0. \u2022 Visi\u00f3n Nocturna.","breadcrumb":{"@id":"https:\/\/www.totalservice.com.co\/?product=radio-utr-39bt#breadcrumb"},"inLanguage":"es","potentialAction":[{"@type":"ReadAction","target":["https:\/\/www.totalservice.com.co\/?product=radio-utr-39bt"]}]},{"@type":"ImageObject","inLanguage":"es","@id":"https:\/\/www.totalservice.com.co\/?product=radio-utr-39bt#primaryimage","url":"https:\/\/www.totalservice.com.co\/wp-content\/uploads\/2022\/11\/radio-2-fondo-blanco.png","contentUrl":"https:\/\/www.totalservice.com.co\/wp-content\/uploads\/2022\/11\/radio-2-fondo-blanco.png","width":2400,"height":2400},{"@type":"BreadcrumbList","@id":"https:\/\/www.totalservice.com.co\/?product=radio-utr-39bt#breadcrumb","itemListElement":[{"@type":"ListItem","position":1,"name":"Portada","item":"https:\/\/www.totalservice.com.co\/"},{"@type":"ListItem","position":2,"name":"Tienda","item":"https:\/\/www.totalservice.com.co\/?page_id=2019"},{"@type":"ListItem","position":3,"name":"Radio UTR-390BT"}]},{"@type":"WebSite","@id":"https:\/\/www.totalservice.com.co\/#website","url":"https:\/\/www.totalservice.com.co\/","name":"Total Service Car Audio","description":"Tienda Online de Accesorios para Veh\u00edculos","publisher":{"@id":"https:\/\/www.totalservice.com.co\/#organization"},"potentialAction":[{"@type":"SearchAction","target":{"@type":"EntryPoint","urlTemplate":"https:\/\/www.totalservice.com.co\/?s={search_term_string}"},"query-input":{"@type":"PropertyValueSpecification","valueRequired":true,"valueName":"search_term_string"}}],"inLanguage":"es"},{"@type":"Organization","@id":"https:\/\/www.totalservice.com.co\/#organization","name":"Total Service Car Audio","url":"https:\/\/www.totalservice.com.co\/","logo":{"@type":"ImageObject","inLanguage":"es","@id":"https:\/\/www.totalservice.com.co\/#\/schema\/logo\/image\/","url":"https:\/\/www.totalservice.com.co\/wp-content\/uploads\/2022\/08\/cropped-cropped-cropped-logo-total-service-02-3.png","contentUrl":"https:\/\/www.totalservice.com.co\/wp-content\/uploads\/2022\/08\/cropped-cropped-cropped-logo-total-service-02-3.png","width":2251,"height":750,"caption":"Total Service Car Audio"},"image":{"@id":"https:\/\/www.totalservice.com.co\/#\/schema\/logo\/image\/"}}]}},"_links":{"self":[{"href":"https:\/\/www.totalservice.com.co\/index.php?rest_route=\/wp\/v2\/product\/847","targetHints":{"allow":["GET"]}}],"collection":[{"href":"https:\/\/www.totalservice.com.co\/index.php?rest_route=\/wp\/v2\/product"}],"about":[{"href":"https:\/\/www.totalservice.com.co\/index.php?rest_route=\/wp\/v2\/types\/product"}],"wp:featuredmedia":[{"embeddable":true,"href":"https:\/\/www.totalservice.com.co\/index.php?rest_route=\/wp\/v2\/media\/2378"}],"wp:attachment":[{"href":"https:\/\/www.totalservice.com.co\/index.php?rest_route=%2Fwp%2Fv2%2Fmedia&parent=847"}],"wp:term":[{"taxonomy":"product_brand","embeddable":true,"href":"https:\/\/www.totalservice.com.co\/index.php?rest_route=%2Fwp%2Fv2%2Fproduct_brand&post=847"},{"taxonomy":"product_cat","embeddable":true,"href":"https:\/\/www.totalservice.com.co\/index.php?rest_route=%2Fwp%2Fv2%2Fproduct_cat&post=847"},{"taxonomy":"product_tag","embeddable":true,"href":"https:\/\/www.totalservice.com.co\/index.php?rest_route=%2Fwp%2Fv2%2Fproduct_tag&post=847"}],"curies":[{"name":"wp","href":"https:\/\/api.w.org\/{rel}","templated":true}]}}