{"id":844,"date":"2022-11-28T14:46:04","date_gmt":"2022-11-28T14:46:04","guid":{"rendered":"https:\/\/www.totalservice.com.co\/?post_type=product&#038;p=844"},"modified":"2024-09-20T21:25:15","modified_gmt":"2024-09-20T21:25:15","slug":"radio-utr-mp90","status":"publish","type":"product","link":"https:\/\/www.totalservice.com.co\/?product=radio-utr-mp90","title":{"rendered":"Radio UTR-MP90"},"content":{"rendered":"<h5>Caracteristicas principales:<\/h5>\n<ul>\n<li>Panel Fijo.<\/li>\n<li>Radio Digital FM.<\/li>\n<li>Soporta USB\/SD.<\/li>\n<li>Control electr\u00f3nico de audio.<\/li>\n<li>Entrada Auxiliar.<\/li>\n<li>Control Remoto (Incluido).<\/li>\n<li>Display de 4\u201d.<\/li>\n<li>Entrada de v\u00eddeo.<\/li>\n<li>Salida de v\u00eddeo.<\/li>\n<li>Potencia de salida 50Wx4.<\/li>\n<li>2 Salidas RCA (2.0v).<\/li>\n<li>Soporta FLAC, 4K, MKV, WMA, MP5, MP4, MP3, 3GP.<\/li>\n<li>Bluetooth (Manos libres, m\u00fasica).<\/li>\n<\/ul>\n","protected":false},"excerpt":{"rendered":"<p>Este radio con frontal fijo y pantalla de 4 pulgadas ofrece muchas de las mejores caracteristicas del mercado a un precio accesible, cuenta control remoto, salida y entrada de video, as\u00ed como entrada auxiliar, Soporta USB\/SD (Formatos: flac, 4k, mkv, wma, mp5, mp4, mp3, 3gp), adem\u00e1s permite la conexi\u00f3n bluetooth para la reproducci\u00f3n de multimedia y telefon\u00eda.<\/p>\n","protected":false},"featured_media":2157,"template":"","meta":{"site-sidebar-layout":"default","site-content-layout":"default","ast-site-content-layout":"default","site-content-style":"default","site-sidebar-style":"default","ast-global-header-display":"","ast-banner-title-visibility":"","ast-main-header-display":"","ast-hfb-above-header-display":"","ast-hfb-below-header-display":"","ast-hfb-mobile-header-display":"","site-post-title":"","ast-breadcrumbs-content":"","ast-featured-img":"","footer-sml-layout":"","ast-disable-related-posts":"","theme-transparent-header-meta":"default","adv-header-id-meta":"","stick-header-meta":"","header-above-stick-meta":"","header-main-stick-meta":"","header-below-stick-meta":"","astra-migrate-meta-layouts":"default","ast-page-background-enabled":"default","ast-page-background-meta":{"desktop":{"background-color":"","background-image":"","background-repeat":"repeat","background-position":"center center","background-size":"auto","background-attachment":"scroll","background-type":"","background-media":"","overlay-type":"","overlay-color":"","overlay-opacity":"","overlay-gradient":""},"tablet":{"background-color":"","background-image":"","background-repeat":"repeat","background-position":"center center","background-size":"auto","background-attachment":"scroll","background-type":"","background-media":"","overlay-type":"","overlay-color":"","overlay-opacity":"","overlay-gradient":""},"mobile":{"background-color":"","background-image":"","background-repeat":"repeat","background-position":"center center","background-size":"auto","background-attachment":"scroll","background-type":"","background-media":"","overlay-type":"","overlay-color":"","overlay-opacity":"","overlay-gradient":""}},"ast-content-background-meta":{"desktop":{"background-color":"var(--ast-global-color-5)","background-image":"","background-repeat":"repeat","background-position":"center center","background-size":"auto","background-attachment":"scroll","background-type":"","background-media":"","overlay-type":"","overlay-color":"","overlay-opacity":"","overlay-gradient":""},"tablet":{"background-color":"var(--ast-global-color-5)","background-image":"","background-repeat":"repeat","background-position":"center center","background-size":"auto","background-attachment":"scroll","background-type":"","background-media":"","overlay-type":"","overlay-color":"","overlay-opacity":"","overlay-gradient":""},"mobile":{"background-color":"var(--ast-global-color-5)","background-image":"","background-repeat":"repeat","background-position":"center center","background-size":"auto","background-attachment":"scroll","background-type":"","background-media":"","overlay-type":"","overlay-color":"","overlay-opacity":"","overlay-gradient":""}}},"product_brand":[],"product_cat":[122,33],"product_tag":[42],"class_list":{"0":"post-844","1":"product","2":"type-product","3":"status-publish","4":"has-post-thumbnail","6":"product_cat-car-audio","7":"product_cat-carros","8":"product_tag-car-audio","9":"desktop-align-left","10":"tablet-align-left","11":"mobile-align-left","13":"first","14":"instock","15":"shipping-taxable","16":"purchasable","17":"product-type-simple"},"yoast_head":"<!-- This site is optimized with the Yoast SEO plugin v26.7 - https:\/\/yoast.com\/wordpress\/plugins\/seo\/ -->\n<title>Radio UTR-MP90 - Total Service Car Audio<\/title>\n<meta name=\"description\" content=\"Este radio con frontal fijo y pantalla de 4 pulgadas ofrece muchas de las mejores caracteristicas del mercado a un precio accesible, cuenta control remoto, salida y entrada de video, as\u00ed como entrada auxiliar, Soporta USB\/SD (Formatos: flac, 4k, mkv, wma, mp5, mp4, mp3, 3gp), adem\u00e1s permite la conexi\u00f3n bluetooth para la reproducci\u00f3n de multimedia y telefon\u00eda.\" \/>\n<meta name=\"robots\" content=\"index, follow, max-snippet:-1, max-image-preview:large, max-video-preview:-1\" \/>\n<link rel=\"canonical\" href=\"https:\/\/www.totalservice.com.co\/?product=radio-utr-mp90\" \/>\n<meta property=\"og:locale\" content=\"es_ES\" \/>\n<meta property=\"og:type\" content=\"article\" \/>\n<meta property=\"og:title\" content=\"Radio UTR-MP90 - Total Service Car Audio\" \/>\n<meta property=\"og:description\" content=\"Este radio con frontal fijo y pantalla de 4 pulgadas ofrece muchas de las mejores caracteristicas del mercado a un precio accesible, cuenta control remoto, salida y entrada de video, as\u00ed como entrada auxiliar, Soporta USB\/SD (Formatos: flac, 4k, mkv, wma, mp5, mp4, mp3, 3gp), adem\u00e1s permite la conexi\u00f3n bluetooth para la reproducci\u00f3n de multimedia y telefon\u00eda.\" \/>\n<meta property=\"og:url\" content=\"https:\/\/www.totalservice.com.co\/?product=radio-utr-mp90\" \/>\n<meta property=\"og:site_name\" content=\"Total Service Car Audio\" \/>\n<meta property=\"article:modified_time\" content=\"2024-09-20T21:25:15+00:00\" \/>\n<meta property=\"og:image\" content=\"https:\/\/www.totalservice.com.co\/wp-content\/uploads\/2022\/11\/CAJA-UTR-MP90-02-con-fondo-blanco.png\" \/>\n\t<meta property=\"og:image:width\" content=\"2400\" \/>\n\t<meta property=\"og:image:height\" content=\"2400\" \/>\n\t<meta property=\"og:image:type\" content=\"image\/png\" \/>\n<meta name=\"twitter:card\" content=\"summary_large_image\" \/>\n<meta name=\"twitter:label1\" content=\"Tiempo de lectura\" \/>\n\t<meta name=\"twitter:data1\" content=\"1 minuto\" \/>\n<script type=\"application\/ld+json\" class=\"yoast-schema-graph\">{\"@context\":\"https:\/\/schema.org\",\"@graph\":[{\"@type\":\"WebPage\",\"@id\":\"https:\/\/www.totalservice.com.co\/?product=radio-utr-mp90\",\"url\":\"https:\/\/www.totalservice.com.co\/?product=radio-utr-mp90\",\"name\":\"Radio UTR-MP90 - Total Service Car Audio\",\"isPartOf\":{\"@id\":\"https:\/\/www.totalservice.com.co\/#website\"},\"primaryImageOfPage\":{\"@id\":\"https:\/\/www.totalservice.com.co\/?product=radio-utr-mp90#primaryimage\"},\"image\":{\"@id\":\"https:\/\/www.totalservice.com.co\/?product=radio-utr-mp90#primaryimage\"},\"thumbnailUrl\":\"https:\/\/www.totalservice.com.co\/wp-content\/uploads\/2022\/11\/CAJA-UTR-MP90-02-con-fondo-blanco.png\",\"datePublished\":\"2022-11-28T14:46:04+00:00\",\"dateModified\":\"2024-09-20T21:25:15+00:00\",\"description\":\"Este radio con frontal fijo y pantalla de 4 pulgadas ofrece muchas de las mejores caracteristicas del mercado a un precio accesible, cuenta control remoto, salida y entrada de video, as\u00ed como entrada auxiliar, Soporta USB\/SD (Formatos: flac, 4k, mkv, wma, mp5, mp4, mp3, 3gp), adem\u00e1s permite la conexi\u00f3n bluetooth para la reproducci\u00f3n de multimedia y telefon\u00eda.\",\"breadcrumb\":{\"@id\":\"https:\/\/www.totalservice.com.co\/?product=radio-utr-mp90#breadcrumb\"},\"inLanguage\":\"es\",\"potentialAction\":[{\"@type\":\"ReadAction\",\"target\":[\"https:\/\/www.totalservice.com.co\/?product=radio-utr-mp90\"]}]},{\"@type\":\"ImageObject\",\"inLanguage\":\"es\",\"@id\":\"https:\/\/www.totalservice.com.co\/?product=radio-utr-mp90#primaryimage\",\"url\":\"https:\/\/www.totalservice.com.co\/wp-content\/uploads\/2022\/11\/CAJA-UTR-MP90-02-con-fondo-blanco.png\",\"contentUrl\":\"https:\/\/www.totalservice.com.co\/wp-content\/uploads\/2022\/11\/CAJA-UTR-MP90-02-con-fondo-blanco.png\",\"width\":2400,\"height\":2400},{\"@type\":\"BreadcrumbList\",\"@id\":\"https:\/\/www.totalservice.com.co\/?product=radio-utr-mp90#breadcrumb\",\"itemListElement\":[{\"@type\":\"ListItem\",\"position\":1,\"name\":\"Portada\",\"item\":\"https:\/\/www.totalservice.com.co\/\"},{\"@type\":\"ListItem\",\"position\":2,\"name\":\"Tienda\",\"item\":\"https:\/\/www.totalservice.com.co\/?page_id=2019\"},{\"@type\":\"ListItem\",\"position\":3,\"name\":\"Radio UTR-MP90\"}]},{\"@type\":\"WebSite\",\"@id\":\"https:\/\/www.totalservice.com.co\/#website\",\"url\":\"https:\/\/www.totalservice.com.co\/\",\"name\":\"Total Service Car Audio\",\"description\":\"Tienda Online de Accesorios para Veh\u00edculos\",\"publisher\":{\"@id\":\"https:\/\/www.totalservice.com.co\/#organization\"},\"potentialAction\":[{\"@type\":\"SearchAction\",\"target\":{\"@type\":\"EntryPoint\",\"urlTemplate\":\"https:\/\/www.totalservice.com.co\/?s={search_term_string}\"},\"query-input\":{\"@type\":\"PropertyValueSpecification\",\"valueRequired\":true,\"valueName\":\"search_term_string\"}}],\"inLanguage\":\"es\"},{\"@type\":\"Organization\",\"@id\":\"https:\/\/www.totalservice.com.co\/#organization\",\"name\":\"Total Service Car Audio\",\"url\":\"https:\/\/www.totalservice.com.co\/\",\"logo\":{\"@type\":\"ImageObject\",\"inLanguage\":\"es\",\"@id\":\"https:\/\/www.totalservice.com.co\/#\/schema\/logo\/image\/\",\"url\":\"https:\/\/www.totalservice.com.co\/wp-content\/uploads\/2022\/08\/cropped-cropped-cropped-logo-total-service-02-3.png\",\"contentUrl\":\"https:\/\/www.totalservice.com.co\/wp-content\/uploads\/2022\/08\/cropped-cropped-cropped-logo-total-service-02-3.png\",\"width\":2251,\"height\":750,\"caption\":\"Total Service Car Audio\"},\"image\":{\"@id\":\"https:\/\/www.totalservice.com.co\/#\/schema\/logo\/image\/\"}}]}<\/script>\n<!-- \/ Yoast SEO plugin. -->","yoast_head_json":{"title":"Radio UTR-MP90 - Total Service Car Audio","description":"Este radio con frontal fijo y pantalla de 4 pulgadas ofrece muchas de las mejores caracteristicas del mercado a un precio accesible, cuenta control remoto, salida y entrada de video, as\u00ed como entrada auxiliar, Soporta USB\/SD (Formatos: flac, 4k, mkv, wma, mp5, mp4, mp3, 3gp), adem\u00e1s permite la conexi\u00f3n bluetooth para la reproducci\u00f3n de multimedia y telefon\u00eda.","robots":{"index":"index","follow":"follow","max-snippet":"max-snippet:-1","max-image-preview":"max-image-preview:large","max-video-preview":"max-video-preview:-1"},"canonical":"https:\/\/www.totalservice.com.co\/?product=radio-utr-mp90","og_locale":"es_ES","og_type":"article","og_title":"Radio UTR-MP90 - Total Service Car Audio","og_description":"Este radio con frontal fijo y pantalla de 4 pulgadas ofrece muchas de las mejores caracteristicas del mercado a un precio accesible, cuenta control remoto, salida y entrada de video, as\u00ed como entrada auxiliar, Soporta USB\/SD (Formatos: flac, 4k, mkv, wma, mp5, mp4, mp3, 3gp), adem\u00e1s permite la conexi\u00f3n bluetooth para la reproducci\u00f3n de multimedia y telefon\u00eda.","og_url":"https:\/\/www.totalservice.com.co\/?product=radio-utr-mp90","og_site_name":"Total Service Car Audio","article_modified_time":"2024-09-20T21:25:15+00:00","og_image":[{"width":2400,"height":2400,"url":"https:\/\/www.totalservice.com.co\/wp-content\/uploads\/2022\/11\/CAJA-UTR-MP90-02-con-fondo-blanco.png","type":"image\/png"}],"twitter_card":"summary_large_image","twitter_misc":{"Tiempo de lectura":"1 minuto"},"schema":{"@context":"https:\/\/schema.org","@graph":[{"@type":"WebPage","@id":"https:\/\/www.totalservice.com.co\/?product=radio-utr-mp90","url":"https:\/\/www.totalservice.com.co\/?product=radio-utr-mp90","name":"Radio UTR-MP90 - Total Service Car Audio","isPartOf":{"@id":"https:\/\/www.totalservice.com.co\/#website"},"primaryImageOfPage":{"@id":"https:\/\/www.totalservice.com.co\/?product=radio-utr-mp90#primaryimage"},"image":{"@id":"https:\/\/www.totalservice.com.co\/?product=radio-utr-mp90#primaryimage"},"thumbnailUrl":"https:\/\/www.totalservice.com.co\/wp-content\/uploads\/2022\/11\/CAJA-UTR-MP90-02-con-fondo-blanco.png","datePublished":"2022-11-28T14:46:04+00:00","dateModified":"2024-09-20T21:25:15+00:00","description":"Este radio con frontal fijo y pantalla de 4 pulgadas ofrece muchas de las mejores caracteristicas del mercado a un precio accesible, cuenta control remoto, salida y entrada de video, as\u00ed como entrada auxiliar, Soporta USB\/SD (Formatos: flac, 4k, mkv, wma, mp5, mp4, mp3, 3gp), adem\u00e1s permite la conexi\u00f3n bluetooth para la reproducci\u00f3n de multimedia y telefon\u00eda.","breadcrumb":{"@id":"https:\/\/www.totalservice.com.co\/?product=radio-utr-mp90#breadcrumb"},"inLanguage":"es","potentialAction":[{"@type":"ReadAction","target":["https:\/\/www.totalservice.com.co\/?product=radio-utr-mp90"]}]},{"@type":"ImageObject","inLanguage":"es","@id":"https:\/\/www.totalservice.com.co\/?product=radio-utr-mp90#primaryimage","url":"https:\/\/www.totalservice.com.co\/wp-content\/uploads\/2022\/11\/CAJA-UTR-MP90-02-con-fondo-blanco.png","contentUrl":"https:\/\/www.totalservice.com.co\/wp-content\/uploads\/2022\/11\/CAJA-UTR-MP90-02-con-fondo-blanco.png","width":2400,"height":2400},{"@type":"BreadcrumbList","@id":"https:\/\/www.totalservice.com.co\/?product=radio-utr-mp90#breadcrumb","itemListElement":[{"@type":"ListItem","position":1,"name":"Portada","item":"https:\/\/www.totalservice.com.co\/"},{"@type":"ListItem","position":2,"name":"Tienda","item":"https:\/\/www.totalservice.com.co\/?page_id=2019"},{"@type":"ListItem","position":3,"name":"Radio UTR-MP90"}]},{"@type":"WebSite","@id":"https:\/\/www.totalservice.com.co\/#website","url":"https:\/\/www.totalservice.com.co\/","name":"Total Service Car Audio","description":"Tienda Online de Accesorios para Veh\u00edculos","publisher":{"@id":"https:\/\/www.totalservice.com.co\/#organization"},"potentialAction":[{"@type":"SearchAction","target":{"@type":"EntryPoint","urlTemplate":"https:\/\/www.totalservice.com.co\/?s={search_term_string}"},"query-input":{"@type":"PropertyValueSpecification","valueRequired":true,"valueName":"search_term_string"}}],"inLanguage":"es"},{"@type":"Organization","@id":"https:\/\/www.totalservice.com.co\/#organization","name":"Total Service Car Audio","url":"https:\/\/www.totalservice.com.co\/","logo":{"@type":"ImageObject","inLanguage":"es","@id":"https:\/\/www.totalservice.com.co\/#\/schema\/logo\/image\/","url":"https:\/\/www.totalservice.com.co\/wp-content\/uploads\/2022\/08\/cropped-cropped-cropped-logo-total-service-02-3.png","contentUrl":"https:\/\/www.totalservice.com.co\/wp-content\/uploads\/2022\/08\/cropped-cropped-cropped-logo-total-service-02-3.png","width":2251,"height":750,"caption":"Total Service Car Audio"},"image":{"@id":"https:\/\/www.totalservice.com.co\/#\/schema\/logo\/image\/"}}]}},"_links":{"self":[{"href":"https:\/\/www.totalservice.com.co\/index.php?rest_route=\/wp\/v2\/product\/844","targetHints":{"allow":["GET"]}}],"collection":[{"href":"https:\/\/www.totalservice.com.co\/index.php?rest_route=\/wp\/v2\/product"}],"about":[{"href":"https:\/\/www.totalservice.com.co\/index.php?rest_route=\/wp\/v2\/types\/product"}],"wp:featuredmedia":[{"embeddable":true,"href":"https:\/\/www.totalservice.com.co\/index.php?rest_route=\/wp\/v2\/media\/2157"}],"wp:attachment":[{"href":"https:\/\/www.totalservice.com.co\/index.php?rest_route=%2Fwp%2Fv2%2Fmedia&parent=844"}],"wp:term":[{"taxonomy":"product_brand","embeddable":true,"href":"https:\/\/www.totalservice.com.co\/index.php?rest_route=%2Fwp%2Fv2%2Fproduct_brand&post=844"},{"taxonomy":"product_cat","embeddable":true,"href":"https:\/\/www.totalservice.com.co\/index.php?rest_route=%2Fwp%2Fv2%2Fproduct_cat&post=844"},{"taxonomy":"product_tag","embeddable":true,"href":"https:\/\/www.totalservice.com.co\/index.php?rest_route=%2Fwp%2Fv2%2Fproduct_tag&post=844"}],"curies":[{"name":"wp","href":"https:\/\/api.w.org\/{rel}","templated":true}]}}