{"id":704,"date":"2022-10-27T22:17:06","date_gmt":"2022-10-27T22:17:06","guid":{"rendered":"https:\/\/www.totalservice.com.co\/?post_type=product&#038;p=704"},"modified":"2024-07-30T17:23:06","modified_gmt":"2024-07-30T17:23:06","slug":"trf-pro","status":"publish","type":"product","link":"https:\/\/www.totalservice.com.co\/?product=trf-pro","title":{"rendered":"TRF Pro+"},"content":{"rendered":"<h5>Caracter\u00edsticas Principales:<\/h5>\n<ul>\n<li>16 opciones de sonidos de alarma programables.<\/li>\n<li>Salida independiente para manejar Sun-roof.<\/li>\n<li>Se adapta al sistema de telecomando original del veh\u00edculo. Permite adicionar controles remotos para operar el sistema sin tener que contar con el telecomando original. *<\/li>\n<li>Funciones programables de acuerdo con el tipo de veh\u00edculo. Funciones de rearmado y activaci\u00f3n autom\u00e1tica programables.<\/li>\n<li>Tiempo de retardo de disparo por puertas programable. Funci\u00f3n valet desde el pulsador manual o del control remoto. * Manejo de m\u00f3dulo de vidrios el\u00e9ctricos. *<\/li>\n<li>Funci\u00f3n inmovilizador y apagado por puerta del conductor.<\/li>\n<li>Inmovilizaci\u00f3n del veh\u00edculo desde el control remoto. *<\/li>\n<li>Servicio de seguros programable para colocar o quitar seguros autom\u00e1ticamente.<\/li>\n<li>Salida auxiliar programable.<\/li>\n<li>Manejo por luces o microswitch del veh\u00edculo. Desactivaci\u00f3n de emergencia.<\/li>\n<li>Programaci\u00f3n de funciones con el pulsador manual o con el control remoto. *<\/li>\n<li>Salida dedicada para manejar el claxon del veh\u00edculo.<\/li>\n<\/ul>\n","protected":false},"excerpt":{"rendered":"<p>Nuestra tecnolog\u00eda TRF, permite integrar el sistema de alarma con los veh\u00edculos que cuentan con sistema de telecomando original permitiendo al usuario el uso de un solo control. Tambi\u00e9n permite integrar controles ULTRA de acuerdo con la necesidad del cliente, los cuales funcionan simult\u00e1neamente con los sistemas originales.<\/p>\n","protected":false},"featured_media":2502,"template":"","meta":{"site-sidebar-layout":"default","site-content-layout":"default","ast-site-content-layout":"default","site-content-style":"default","site-sidebar-style":"default","ast-global-header-display":"","ast-banner-title-visibility":"","ast-main-header-display":"","ast-hfb-above-header-display":"","ast-hfb-below-header-display":"","ast-hfb-mobile-header-display":"","site-post-title":"","ast-breadcrumbs-content":"","ast-featured-img":"","footer-sml-layout":"","ast-disable-related-posts":"","theme-transparent-header-meta":"default","adv-header-id-meta":"","stick-header-meta":"","header-above-stick-meta":"","header-main-stick-meta":"","header-below-stick-meta":"","astra-migrate-meta-layouts":"default","ast-page-background-enabled":"default","ast-page-background-meta":{"desktop":{"background-color":"","background-image":"","background-repeat":"repeat","background-position":"center center","background-size":"auto","background-attachment":"scroll","background-type":"","background-media":"","overlay-type":"","overlay-color":"","overlay-opacity":"","overlay-gradient":""},"tablet":{"background-color":"","background-image":"","background-repeat":"repeat","background-position":"center center","background-size":"auto","background-attachment":"scroll","background-type":"","background-media":"","overlay-type":"","overlay-color":"","overlay-opacity":"","overlay-gradient":""},"mobile":{"background-color":"","background-image":"","background-repeat":"repeat","background-position":"center center","background-size":"auto","background-attachment":"scroll","background-type":"","background-media":"","overlay-type":"","overlay-color":"","overlay-opacity":"","overlay-gradient":""}},"ast-content-background-meta":{"desktop":{"background-color":"var(--ast-global-color-5)","background-image":"","background-repeat":"repeat","background-position":"center center","background-size":"auto","background-attachment":"scroll","background-type":"","background-media":"","overlay-type":"","overlay-color":"","overlay-opacity":"","overlay-gradient":""},"tablet":{"background-color":"var(--ast-global-color-5)","background-image":"","background-repeat":"repeat","background-position":"center center","background-size":"auto","background-attachment":"scroll","background-type":"","background-media":"","overlay-type":"","overlay-color":"","overlay-opacity":"","overlay-gradient":""},"mobile":{"background-color":"var(--ast-global-color-5)","background-image":"","background-repeat":"repeat","background-position":"center center","background-size":"auto","background-attachment":"scroll","background-type":"","background-media":"","overlay-type":"","overlay-color":"","overlay-opacity":"","overlay-gradient":""}}},"product_brand":[],"product_cat":[123,33],"product_tag":[40],"class_list":{"0":"post-704","1":"product","2":"type-product","3":"status-publish","4":"has-post-thumbnail","6":"product_cat-alarmas","7":"product_cat-carros","8":"product_tag-alarmas","9":"desktop-align-left","10":"tablet-align-left","11":"mobile-align-left","13":"first","14":"instock","15":"shipping-taxable","16":"purchasable","17":"product-type-simple"},"yoast_head":"<!-- This site is optimized with the Yoast SEO plugin v26.7 - https:\/\/yoast.com\/wordpress\/plugins\/seo\/ -->\n<title>TRF Pro+ - Total Service Car Audio<\/title>\n<meta name=\"description\" content=\"Nuestra tecnolog\u00eda TRF, permite integrar el sistema de alarma con los veh\u00edculos que cuentan con sistema de telecomando original permitiendo al usuario el uso de un solo control. Tambi\u00e9n permite integrar controles ULTRA de acuerdo con la necesidad del cliente, los cuales funcionan simult\u00e1neamente con los sistemas originales.\" \/>\n<meta name=\"robots\" content=\"index, follow, max-snippet:-1, max-image-preview:large, max-video-preview:-1\" \/>\n<link rel=\"canonical\" href=\"https:\/\/www.totalservice.com.co\/?product=trf-pro\" \/>\n<meta property=\"og:locale\" content=\"es_ES\" \/>\n<meta property=\"og:type\" content=\"article\" \/>\n<meta property=\"og:title\" content=\"TRF Pro+ - Total Service Car Audio\" \/>\n<meta property=\"og:description\" content=\"Nuestra tecnolog\u00eda TRF, permite integrar el sistema de alarma con los veh\u00edculos que cuentan con sistema de telecomando original permitiendo al usuario el uso de un solo control. Tambi\u00e9n permite integrar controles ULTRA de acuerdo con la necesidad del cliente, los cuales funcionan simult\u00e1neamente con los sistemas originales.\" \/>\n<meta property=\"og:url\" content=\"https:\/\/www.totalservice.com.co\/?product=trf-pro\" \/>\n<meta property=\"og:site_name\" content=\"Total Service Car Audio\" \/>\n<meta property=\"article:modified_time\" content=\"2024-07-30T17:23:06+00:00\" \/>\n<meta property=\"og:image\" content=\"https:\/\/www.totalservice.com.co\/wp-content\/uploads\/2022\/10\/Control-falso-TRF-fondo-blanco-v2.png\" \/>\n\t<meta property=\"og:image:width\" content=\"2400\" \/>\n\t<meta property=\"og:image:height\" content=\"2400\" \/>\n\t<meta property=\"og:image:type\" content=\"image\/png\" \/>\n<meta name=\"twitter:card\" content=\"summary_large_image\" \/>\n<meta name=\"twitter:label1\" content=\"Tiempo de lectura\" \/>\n\t<meta name=\"twitter:data1\" content=\"1 minuto\" \/>\n<script type=\"application\/ld+json\" class=\"yoast-schema-graph\">{\"@context\":\"https:\/\/schema.org\",\"@graph\":[{\"@type\":\"WebPage\",\"@id\":\"https:\/\/www.totalservice.com.co\/?product=trf-pro\",\"url\":\"https:\/\/www.totalservice.com.co\/?product=trf-pro\",\"name\":\"TRF Pro+ - Total Service Car Audio\",\"isPartOf\":{\"@id\":\"https:\/\/www.totalservice.com.co\/#website\"},\"primaryImageOfPage\":{\"@id\":\"https:\/\/www.totalservice.com.co\/?product=trf-pro#primaryimage\"},\"image\":{\"@id\":\"https:\/\/www.totalservice.com.co\/?product=trf-pro#primaryimage\"},\"thumbnailUrl\":\"https:\/\/www.totalservice.com.co\/wp-content\/uploads\/2022\/10\/Control-falso-TRF-fondo-blanco-v2.png\",\"datePublished\":\"2022-10-27T22:17:06+00:00\",\"dateModified\":\"2024-07-30T17:23:06+00:00\",\"description\":\"Nuestra tecnolog\u00eda TRF, permite integrar el sistema de alarma con los veh\u00edculos que cuentan con sistema de telecomando original permitiendo al usuario el uso de un solo control. Tambi\u00e9n permite integrar controles ULTRA de acuerdo con la necesidad del cliente, los cuales funcionan simult\u00e1neamente con los sistemas originales.\",\"breadcrumb\":{\"@id\":\"https:\/\/www.totalservice.com.co\/?product=trf-pro#breadcrumb\"},\"inLanguage\":\"es\",\"potentialAction\":[{\"@type\":\"ReadAction\",\"target\":[\"https:\/\/www.totalservice.com.co\/?product=trf-pro\"]}]},{\"@type\":\"ImageObject\",\"inLanguage\":\"es\",\"@id\":\"https:\/\/www.totalservice.com.co\/?product=trf-pro#primaryimage\",\"url\":\"https:\/\/www.totalservice.com.co\/wp-content\/uploads\/2022\/10\/Control-falso-TRF-fondo-blanco-v2.png\",\"contentUrl\":\"https:\/\/www.totalservice.com.co\/wp-content\/uploads\/2022\/10\/Control-falso-TRF-fondo-blanco-v2.png\",\"width\":2400,\"height\":2400},{\"@type\":\"BreadcrumbList\",\"@id\":\"https:\/\/www.totalservice.com.co\/?product=trf-pro#breadcrumb\",\"itemListElement\":[{\"@type\":\"ListItem\",\"position\":1,\"name\":\"Portada\",\"item\":\"https:\/\/www.totalservice.com.co\/\"},{\"@type\":\"ListItem\",\"position\":2,\"name\":\"Tienda\",\"item\":\"https:\/\/www.totalservice.com.co\/?page_id=2019\"},{\"@type\":\"ListItem\",\"position\":3,\"name\":\"TRF Pro+\"}]},{\"@type\":\"WebSite\",\"@id\":\"https:\/\/www.totalservice.com.co\/#website\",\"url\":\"https:\/\/www.totalservice.com.co\/\",\"name\":\"Total Service Car Audio\",\"description\":\"Tienda Online de Accesorios para Veh\u00edculos\",\"publisher\":{\"@id\":\"https:\/\/www.totalservice.com.co\/#organization\"},\"potentialAction\":[{\"@type\":\"SearchAction\",\"target\":{\"@type\":\"EntryPoint\",\"urlTemplate\":\"https:\/\/www.totalservice.com.co\/?s={search_term_string}\"},\"query-input\":{\"@type\":\"PropertyValueSpecification\",\"valueRequired\":true,\"valueName\":\"search_term_string\"}}],\"inLanguage\":\"es\"},{\"@type\":\"Organization\",\"@id\":\"https:\/\/www.totalservice.com.co\/#organization\",\"name\":\"Total Service Car Audio\",\"url\":\"https:\/\/www.totalservice.com.co\/\",\"logo\":{\"@type\":\"ImageObject\",\"inLanguage\":\"es\",\"@id\":\"https:\/\/www.totalservice.com.co\/#\/schema\/logo\/image\/\",\"url\":\"https:\/\/www.totalservice.com.co\/wp-content\/uploads\/2022\/08\/cropped-cropped-cropped-logo-total-service-02-3.png\",\"contentUrl\":\"https:\/\/www.totalservice.com.co\/wp-content\/uploads\/2022\/08\/cropped-cropped-cropped-logo-total-service-02-3.png\",\"width\":2251,\"height\":750,\"caption\":\"Total Service Car Audio\"},\"image\":{\"@id\":\"https:\/\/www.totalservice.com.co\/#\/schema\/logo\/image\/\"}}]}<\/script>\n<!-- \/ Yoast SEO plugin. -->","yoast_head_json":{"title":"TRF Pro+ - Total Service Car Audio","description":"Nuestra tecnolog\u00eda TRF, permite integrar el sistema de alarma con los veh\u00edculos que cuentan con sistema de telecomando original permitiendo al usuario el uso de un solo control. Tambi\u00e9n permite integrar controles ULTRA de acuerdo con la necesidad del cliente, los cuales funcionan simult\u00e1neamente con los sistemas originales.","robots":{"index":"index","follow":"follow","max-snippet":"max-snippet:-1","max-image-preview":"max-image-preview:large","max-video-preview":"max-video-preview:-1"},"canonical":"https:\/\/www.totalservice.com.co\/?product=trf-pro","og_locale":"es_ES","og_type":"article","og_title":"TRF Pro+ - Total Service Car Audio","og_description":"Nuestra tecnolog\u00eda TRF, permite integrar el sistema de alarma con los veh\u00edculos que cuentan con sistema de telecomando original permitiendo al usuario el uso de un solo control. Tambi\u00e9n permite integrar controles ULTRA de acuerdo con la necesidad del cliente, los cuales funcionan simult\u00e1neamente con los sistemas originales.","og_url":"https:\/\/www.totalservice.com.co\/?product=trf-pro","og_site_name":"Total Service Car Audio","article_modified_time":"2024-07-30T17:23:06+00:00","og_image":[{"width":2400,"height":2400,"url":"https:\/\/www.totalservice.com.co\/wp-content\/uploads\/2022\/10\/Control-falso-TRF-fondo-blanco-v2.png","type":"image\/png"}],"twitter_card":"summary_large_image","twitter_misc":{"Tiempo de lectura":"1 minuto"},"schema":{"@context":"https:\/\/schema.org","@graph":[{"@type":"WebPage","@id":"https:\/\/www.totalservice.com.co\/?product=trf-pro","url":"https:\/\/www.totalservice.com.co\/?product=trf-pro","name":"TRF Pro+ - Total Service Car Audio","isPartOf":{"@id":"https:\/\/www.totalservice.com.co\/#website"},"primaryImageOfPage":{"@id":"https:\/\/www.totalservice.com.co\/?product=trf-pro#primaryimage"},"image":{"@id":"https:\/\/www.totalservice.com.co\/?product=trf-pro#primaryimage"},"thumbnailUrl":"https:\/\/www.totalservice.com.co\/wp-content\/uploads\/2022\/10\/Control-falso-TRF-fondo-blanco-v2.png","datePublished":"2022-10-27T22:17:06+00:00","dateModified":"2024-07-30T17:23:06+00:00","description":"Nuestra tecnolog\u00eda TRF, permite integrar el sistema de alarma con los veh\u00edculos que cuentan con sistema de telecomando original permitiendo al usuario el uso de un solo control. Tambi\u00e9n permite integrar controles ULTRA de acuerdo con la necesidad del cliente, los cuales funcionan simult\u00e1neamente con los sistemas originales.","breadcrumb":{"@id":"https:\/\/www.totalservice.com.co\/?product=trf-pro#breadcrumb"},"inLanguage":"es","potentialAction":[{"@type":"ReadAction","target":["https:\/\/www.totalservice.com.co\/?product=trf-pro"]}]},{"@type":"ImageObject","inLanguage":"es","@id":"https:\/\/www.totalservice.com.co\/?product=trf-pro#primaryimage","url":"https:\/\/www.totalservice.com.co\/wp-content\/uploads\/2022\/10\/Control-falso-TRF-fondo-blanco-v2.png","contentUrl":"https:\/\/www.totalservice.com.co\/wp-content\/uploads\/2022\/10\/Control-falso-TRF-fondo-blanco-v2.png","width":2400,"height":2400},{"@type":"BreadcrumbList","@id":"https:\/\/www.totalservice.com.co\/?product=trf-pro#breadcrumb","itemListElement":[{"@type":"ListItem","position":1,"name":"Portada","item":"https:\/\/www.totalservice.com.co\/"},{"@type":"ListItem","position":2,"name":"Tienda","item":"https:\/\/www.totalservice.com.co\/?page_id=2019"},{"@type":"ListItem","position":3,"name":"TRF Pro+"}]},{"@type":"WebSite","@id":"https:\/\/www.totalservice.com.co\/#website","url":"https:\/\/www.totalservice.com.co\/","name":"Total Service Car Audio","description":"Tienda Online de Accesorios para Veh\u00edculos","publisher":{"@id":"https:\/\/www.totalservice.com.co\/#organization"},"potentialAction":[{"@type":"SearchAction","target":{"@type":"EntryPoint","urlTemplate":"https:\/\/www.totalservice.com.co\/?s={search_term_string}"},"query-input":{"@type":"PropertyValueSpecification","valueRequired":true,"valueName":"search_term_string"}}],"inLanguage":"es"},{"@type":"Organization","@id":"https:\/\/www.totalservice.com.co\/#organization","name":"Total Service Car Audio","url":"https:\/\/www.totalservice.com.co\/","logo":{"@type":"ImageObject","inLanguage":"es","@id":"https:\/\/www.totalservice.com.co\/#\/schema\/logo\/image\/","url":"https:\/\/www.totalservice.com.co\/wp-content\/uploads\/2022\/08\/cropped-cropped-cropped-logo-total-service-02-3.png","contentUrl":"https:\/\/www.totalservice.com.co\/wp-content\/uploads\/2022\/08\/cropped-cropped-cropped-logo-total-service-02-3.png","width":2251,"height":750,"caption":"Total Service Car Audio"},"image":{"@id":"https:\/\/www.totalservice.com.co\/#\/schema\/logo\/image\/"}}]}},"_links":{"self":[{"href":"https:\/\/www.totalservice.com.co\/index.php?rest_route=\/wp\/v2\/product\/704","targetHints":{"allow":["GET"]}}],"collection":[{"href":"https:\/\/www.totalservice.com.co\/index.php?rest_route=\/wp\/v2\/product"}],"about":[{"href":"https:\/\/www.totalservice.com.co\/index.php?rest_route=\/wp\/v2\/types\/product"}],"wp:featuredmedia":[{"embeddable":true,"href":"https:\/\/www.totalservice.com.co\/index.php?rest_route=\/wp\/v2\/media\/2502"}],"wp:attachment":[{"href":"https:\/\/www.totalservice.com.co\/index.php?rest_route=%2Fwp%2Fv2%2Fmedia&parent=704"}],"wp:term":[{"taxonomy":"product_brand","embeddable":true,"href":"https:\/\/www.totalservice.com.co\/index.php?rest_route=%2Fwp%2Fv2%2Fproduct_brand&post=704"},{"taxonomy":"product_cat","embeddable":true,"href":"https:\/\/www.totalservice.com.co\/index.php?rest_route=%2Fwp%2Fv2%2Fproduct_cat&post=704"},{"taxonomy":"product_tag","embeddable":true,"href":"https:\/\/www.totalservice.com.co\/index.php?rest_route=%2Fwp%2Fv2%2Fproduct_tag&post=704"}],"curies":[{"name":"wp","href":"https:\/\/api.w.org\/{rel}","templated":true}]}}