{"id":702,"date":"2022-10-27T22:13:23","date_gmt":"2022-10-27T22:13:23","guid":{"rendered":"https:\/\/www.totalservice.com.co\/?post_type=product&#038;p=702"},"modified":"2024-01-18T15:40:29","modified_gmt":"2024-01-18T15:40:29","slug":"ut-5100-pro","status":"publish","type":"product","link":"https:\/\/www.totalservice.com.co\/?product=ut-5100-pro","title":{"rendered":"Ut 5100 Pro"},"content":{"rendered":"<h5>Caracter\u00edsticas Principales:<\/h5>\n<ul>\n<li>Con apagado de motor por proximidad (Opcional).<\/li>\n<li>Controles remoto anti-clonaci\u00f3n. Entrada de pulsador manual para manejo inteligente de ba\u00fal el\u00e9ctrico.<\/li>\n<li>Salida multiprop\u00f3sito para bloqueo inteligente o sun-roof. Funci\u00f3n valet desde el control remoto y pulsador manual.<\/li>\n<li>Salida auxiliar con tiempo programable.<\/li>\n<li>Apagado inteligente. Aprendizaje de controles. Funci\u00f3n de p\u00e1nico.<\/li>\n<li>Eliminaci\u00f3n temporal del sensor de golpes. Opci\u00f3n de no subir moment\u00e1neamente los vidrios<\/li>\n<li>el\u00e9ctricos al activar el sistema.<\/li>\n<li>Memoria de disparo. Programaci\u00f3n de funciones por control remoto.<\/li>\n<li>21 funciones programables. Apertura de ba\u00fal el\u00e9ctrico desde el control remoto. Eliminaci\u00f3n temporal de los tonos de confirmaci\u00f3n.<\/li>\n<li>Funci\u00f3n de b\u00fasqueda. Activaci\u00f3n autom\u00e1tica y rearmado programable.<\/li>\n<li>Operaci\u00f3n manual del sistema. Funci\u00f3n antiatraco por puerta del conductor programable. Entrada de pedal de freno para servicio de seguros.<\/li>\n<\/ul>\n","protected":false},"excerpt":{"rendered":"<p>Nueva evoluci\u00f3n de producto con apagado de motor por proximidad y con avanzado sistema \u201cHopping Code\u201d anti-clonaci\u00f3n<\/p>\n","protected":false},"featured_media":2165,"template":"","meta":{"site-sidebar-layout":"default","site-content-layout":"default","ast-site-content-layout":"default","site-content-style":"default","site-sidebar-style":"default","ast-global-header-display":"","ast-banner-title-visibility":"","ast-main-header-display":"","ast-hfb-above-header-display":"","ast-hfb-below-header-display":"","ast-hfb-mobile-header-display":"","site-post-title":"","ast-breadcrumbs-content":"","ast-featured-img":"","footer-sml-layout":"","ast-disable-related-posts":"","theme-transparent-header-meta":"default","adv-header-id-meta":"","stick-header-meta":"","header-above-stick-meta":"","header-main-stick-meta":"","header-below-stick-meta":"","astra-migrate-meta-layouts":"default","ast-page-background-enabled":"default","ast-page-background-meta":{"desktop":{"background-color":"","background-image":"","background-repeat":"repeat","background-position":"center center","background-size":"auto","background-attachment":"scroll","background-type":"","background-media":"","overlay-type":"","overlay-color":"","overlay-opacity":"","overlay-gradient":""},"tablet":{"background-color":"","background-image":"","background-repeat":"repeat","background-position":"center center","background-size":"auto","background-attachment":"scroll","background-type":"","background-media":"","overlay-type":"","overlay-color":"","overlay-opacity":"","overlay-gradient":""},"mobile":{"background-color":"","background-image":"","background-repeat":"repeat","background-position":"center center","background-size":"auto","background-attachment":"scroll","background-type":"","background-media":"","overlay-type":"","overlay-color":"","overlay-opacity":"","overlay-gradient":""}},"ast-content-background-meta":{"desktop":{"background-color":"var(--ast-global-color-5)","background-image":"","background-repeat":"repeat","background-position":"center center","background-size":"auto","background-attachment":"scroll","background-type":"","background-media":"","overlay-type":"","overlay-color":"","overlay-opacity":"","overlay-gradient":""},"tablet":{"background-color":"var(--ast-global-color-5)","background-image":"","background-repeat":"repeat","background-position":"center center","background-size":"auto","background-attachment":"scroll","background-type":"","background-media":"","overlay-type":"","overlay-color":"","overlay-opacity":"","overlay-gradient":""},"mobile":{"background-color":"var(--ast-global-color-5)","background-image":"","background-repeat":"repeat","background-position":"center center","background-size":"auto","background-attachment":"scroll","background-type":"","background-media":"","overlay-type":"","overlay-color":"","overlay-opacity":"","overlay-gradient":""}}},"product_brand":[],"product_cat":[123,33],"product_tag":[40],"class_list":{"0":"post-702","1":"product","2":"type-product","3":"status-publish","4":"has-post-thumbnail","6":"product_cat-alarmas","7":"product_cat-carros","8":"product_tag-alarmas","9":"desktop-align-left","10":"tablet-align-left","11":"mobile-align-left","13":"first","14":"instock","15":"shipping-taxable","16":"purchasable","17":"product-type-variable"},"yoast_head":"<!-- This site is optimized with the Yoast SEO plugin v26.7 - https:\/\/yoast.com\/wordpress\/plugins\/seo\/ -->\n<title>Ut 5100 Pro - Total Service Car Audio<\/title>\n<meta name=\"description\" content=\"Nueva evoluci\u00f3n de producto con apagado de motor por proximidad y con avanzado sistema \u201cCode Hopping\u201d anti-clonaci\u00f3n para todos los vehiculos.\" \/>\n<meta name=\"robots\" content=\"index, follow, max-snippet:-1, max-image-preview:large, max-video-preview:-1\" \/>\n<link rel=\"canonical\" href=\"https:\/\/www.totalservice.com.co\/?product=ut-5100-pro\" \/>\n<meta property=\"og:locale\" content=\"es_ES\" \/>\n<meta property=\"og:type\" content=\"article\" \/>\n<meta property=\"og:title\" content=\"Ut 5100 Pro - Total Service Car Audio\" \/>\n<meta property=\"og:description\" content=\"Nueva evoluci\u00f3n de producto con apagado de motor por proximidad y con avanzado sistema \u201cCode Hopping\u201d anti-clonaci\u00f3n para todos los vehiculos.\" \/>\n<meta property=\"og:url\" content=\"https:\/\/www.totalservice.com.co\/?product=ut-5100-pro\" \/>\n<meta property=\"og:site_name\" content=\"Total Service Car Audio\" \/>\n<meta property=\"article:modified_time\" content=\"2024-01-18T15:40:29+00:00\" \/>\n<meta property=\"og:image\" content=\"https:\/\/www.totalservice.com.co\/wp-content\/uploads\/2022\/10\/Control-UT5100-con-proximidad-fondo-blanco.png\" \/>\n\t<meta property=\"og:image:width\" content=\"2400\" \/>\n\t<meta property=\"og:image:height\" content=\"2400\" \/>\n\t<meta property=\"og:image:type\" content=\"image\/png\" \/>\n<meta name=\"twitter:card\" content=\"summary_large_image\" \/>\n<meta name=\"twitter:label1\" content=\"Tiempo de lectura\" \/>\n\t<meta name=\"twitter:data1\" content=\"1 minuto\" \/>\n<script type=\"application\/ld+json\" class=\"yoast-schema-graph\">{\"@context\":\"https:\/\/schema.org\",\"@graph\":[{\"@type\":\"WebPage\",\"@id\":\"https:\/\/www.totalservice.com.co\/?product=ut-5100-pro\",\"url\":\"https:\/\/www.totalservice.com.co\/?product=ut-5100-pro\",\"name\":\"Ut 5100 Pro - Total Service Car Audio\",\"isPartOf\":{\"@id\":\"https:\/\/www.totalservice.com.co\/#website\"},\"primaryImageOfPage\":{\"@id\":\"https:\/\/www.totalservice.com.co\/?product=ut-5100-pro#primaryimage\"},\"image\":{\"@id\":\"https:\/\/www.totalservice.com.co\/?product=ut-5100-pro#primaryimage\"},\"thumbnailUrl\":\"https:\/\/www.totalservice.com.co\/wp-content\/uploads\/2022\/10\/Control-UT5100-con-proximidad-fondo-blanco.png\",\"datePublished\":\"2022-10-27T22:13:23+00:00\",\"dateModified\":\"2024-01-18T15:40:29+00:00\",\"description\":\"Nueva evoluci\u00f3n de producto con apagado de motor por proximidad y con avanzado sistema \u201cCode Hopping\u201d anti-clonaci\u00f3n para todos los vehiculos.\",\"breadcrumb\":{\"@id\":\"https:\/\/www.totalservice.com.co\/?product=ut-5100-pro#breadcrumb\"},\"inLanguage\":\"es\",\"potentialAction\":[{\"@type\":\"ReadAction\",\"target\":[\"https:\/\/www.totalservice.com.co\/?product=ut-5100-pro\"]}]},{\"@type\":\"ImageObject\",\"inLanguage\":\"es\",\"@id\":\"https:\/\/www.totalservice.com.co\/?product=ut-5100-pro#primaryimage\",\"url\":\"https:\/\/www.totalservice.com.co\/wp-content\/uploads\/2022\/10\/Control-UT5100-con-proximidad-fondo-blanco.png\",\"contentUrl\":\"https:\/\/www.totalservice.com.co\/wp-content\/uploads\/2022\/10\/Control-UT5100-con-proximidad-fondo-blanco.png\",\"width\":2400,\"height\":2400},{\"@type\":\"BreadcrumbList\",\"@id\":\"https:\/\/www.totalservice.com.co\/?product=ut-5100-pro#breadcrumb\",\"itemListElement\":[{\"@type\":\"ListItem\",\"position\":1,\"name\":\"Portada\",\"item\":\"https:\/\/www.totalservice.com.co\/\"},{\"@type\":\"ListItem\",\"position\":2,\"name\":\"Tienda\",\"item\":\"https:\/\/www.totalservice.com.co\/?page_id=2019\"},{\"@type\":\"ListItem\",\"position\":3,\"name\":\"Ut 5100 Pro\"}]},{\"@type\":\"WebSite\",\"@id\":\"https:\/\/www.totalservice.com.co\/#website\",\"url\":\"https:\/\/www.totalservice.com.co\/\",\"name\":\"Total Service Car Audio\",\"description\":\"Tienda Online de Accesorios para Veh\u00edculos\",\"publisher\":{\"@id\":\"https:\/\/www.totalservice.com.co\/#organization\"},\"potentialAction\":[{\"@type\":\"SearchAction\",\"target\":{\"@type\":\"EntryPoint\",\"urlTemplate\":\"https:\/\/www.totalservice.com.co\/?s={search_term_string}\"},\"query-input\":{\"@type\":\"PropertyValueSpecification\",\"valueRequired\":true,\"valueName\":\"search_term_string\"}}],\"inLanguage\":\"es\"},{\"@type\":\"Organization\",\"@id\":\"https:\/\/www.totalservice.com.co\/#organization\",\"name\":\"Total Service Car Audio\",\"url\":\"https:\/\/www.totalservice.com.co\/\",\"logo\":{\"@type\":\"ImageObject\",\"inLanguage\":\"es\",\"@id\":\"https:\/\/www.totalservice.com.co\/#\/schema\/logo\/image\/\",\"url\":\"https:\/\/www.totalservice.com.co\/wp-content\/uploads\/2022\/08\/cropped-cropped-cropped-logo-total-service-02-3.png\",\"contentUrl\":\"https:\/\/www.totalservice.com.co\/wp-content\/uploads\/2022\/08\/cropped-cropped-cropped-logo-total-service-02-3.png\",\"width\":2251,\"height\":750,\"caption\":\"Total Service Car Audio\"},\"image\":{\"@id\":\"https:\/\/www.totalservice.com.co\/#\/schema\/logo\/image\/\"}}]}<\/script>\n<!-- \/ Yoast SEO plugin. -->","yoast_head_json":{"title":"Ut 5100 Pro - Total Service Car Audio","description":"Nueva evoluci\u00f3n de producto con apagado de motor por proximidad y con avanzado sistema \u201cCode Hopping\u201d anti-clonaci\u00f3n para todos los vehiculos.","robots":{"index":"index","follow":"follow","max-snippet":"max-snippet:-1","max-image-preview":"max-image-preview:large","max-video-preview":"max-video-preview:-1"},"canonical":"https:\/\/www.totalservice.com.co\/?product=ut-5100-pro","og_locale":"es_ES","og_type":"article","og_title":"Ut 5100 Pro - Total Service Car Audio","og_description":"Nueva evoluci\u00f3n de producto con apagado de motor por proximidad y con avanzado sistema \u201cCode Hopping\u201d anti-clonaci\u00f3n para todos los vehiculos.","og_url":"https:\/\/www.totalservice.com.co\/?product=ut-5100-pro","og_site_name":"Total Service Car Audio","article_modified_time":"2024-01-18T15:40:29+00:00","og_image":[{"width":2400,"height":2400,"url":"https:\/\/www.totalservice.com.co\/wp-content\/uploads\/2022\/10\/Control-UT5100-con-proximidad-fondo-blanco.png","type":"image\/png"}],"twitter_card":"summary_large_image","twitter_misc":{"Tiempo de lectura":"1 minuto"},"schema":{"@context":"https:\/\/schema.org","@graph":[{"@type":"WebPage","@id":"https:\/\/www.totalservice.com.co\/?product=ut-5100-pro","url":"https:\/\/www.totalservice.com.co\/?product=ut-5100-pro","name":"Ut 5100 Pro - Total Service Car Audio","isPartOf":{"@id":"https:\/\/www.totalservice.com.co\/#website"},"primaryImageOfPage":{"@id":"https:\/\/www.totalservice.com.co\/?product=ut-5100-pro#primaryimage"},"image":{"@id":"https:\/\/www.totalservice.com.co\/?product=ut-5100-pro#primaryimage"},"thumbnailUrl":"https:\/\/www.totalservice.com.co\/wp-content\/uploads\/2022\/10\/Control-UT5100-con-proximidad-fondo-blanco.png","datePublished":"2022-10-27T22:13:23+00:00","dateModified":"2024-01-18T15:40:29+00:00","description":"Nueva evoluci\u00f3n de producto con apagado de motor por proximidad y con avanzado sistema \u201cCode Hopping\u201d anti-clonaci\u00f3n para todos los vehiculos.","breadcrumb":{"@id":"https:\/\/www.totalservice.com.co\/?product=ut-5100-pro#breadcrumb"},"inLanguage":"es","potentialAction":[{"@type":"ReadAction","target":["https:\/\/www.totalservice.com.co\/?product=ut-5100-pro"]}]},{"@type":"ImageObject","inLanguage":"es","@id":"https:\/\/www.totalservice.com.co\/?product=ut-5100-pro#primaryimage","url":"https:\/\/www.totalservice.com.co\/wp-content\/uploads\/2022\/10\/Control-UT5100-con-proximidad-fondo-blanco.png","contentUrl":"https:\/\/www.totalservice.com.co\/wp-content\/uploads\/2022\/10\/Control-UT5100-con-proximidad-fondo-blanco.png","width":2400,"height":2400},{"@type":"BreadcrumbList","@id":"https:\/\/www.totalservice.com.co\/?product=ut-5100-pro#breadcrumb","itemListElement":[{"@type":"ListItem","position":1,"name":"Portada","item":"https:\/\/www.totalservice.com.co\/"},{"@type":"ListItem","position":2,"name":"Tienda","item":"https:\/\/www.totalservice.com.co\/?page_id=2019"},{"@type":"ListItem","position":3,"name":"Ut 5100 Pro"}]},{"@type":"WebSite","@id":"https:\/\/www.totalservice.com.co\/#website","url":"https:\/\/www.totalservice.com.co\/","name":"Total Service Car Audio","description":"Tienda Online de Accesorios para Veh\u00edculos","publisher":{"@id":"https:\/\/www.totalservice.com.co\/#organization"},"potentialAction":[{"@type":"SearchAction","target":{"@type":"EntryPoint","urlTemplate":"https:\/\/www.totalservice.com.co\/?s={search_term_string}"},"query-input":{"@type":"PropertyValueSpecification","valueRequired":true,"valueName":"search_term_string"}}],"inLanguage":"es"},{"@type":"Organization","@id":"https:\/\/www.totalservice.com.co\/#organization","name":"Total Service Car Audio","url":"https:\/\/www.totalservice.com.co\/","logo":{"@type":"ImageObject","inLanguage":"es","@id":"https:\/\/www.totalservice.com.co\/#\/schema\/logo\/image\/","url":"https:\/\/www.totalservice.com.co\/wp-content\/uploads\/2022\/08\/cropped-cropped-cropped-logo-total-service-02-3.png","contentUrl":"https:\/\/www.totalservice.com.co\/wp-content\/uploads\/2022\/08\/cropped-cropped-cropped-logo-total-service-02-3.png","width":2251,"height":750,"caption":"Total Service Car Audio"},"image":{"@id":"https:\/\/www.totalservice.com.co\/#\/schema\/logo\/image\/"}}]}},"_links":{"self":[{"href":"https:\/\/www.totalservice.com.co\/index.php?rest_route=\/wp\/v2\/product\/702","targetHints":{"allow":["GET"]}}],"collection":[{"href":"https:\/\/www.totalservice.com.co\/index.php?rest_route=\/wp\/v2\/product"}],"about":[{"href":"https:\/\/www.totalservice.com.co\/index.php?rest_route=\/wp\/v2\/types\/product"}],"wp:featuredmedia":[{"embeddable":true,"href":"https:\/\/www.totalservice.com.co\/index.php?rest_route=\/wp\/v2\/media\/2165"}],"wp:attachment":[{"href":"https:\/\/www.totalservice.com.co\/index.php?rest_route=%2Fwp%2Fv2%2Fmedia&parent=702"}],"wp:term":[{"taxonomy":"product_brand","embeddable":true,"href":"https:\/\/www.totalservice.com.co\/index.php?rest_route=%2Fwp%2Fv2%2Fproduct_brand&post=702"},{"taxonomy":"product_cat","embeddable":true,"href":"https:\/\/www.totalservice.com.co\/index.php?rest_route=%2Fwp%2Fv2%2Fproduct_cat&post=702"},{"taxonomy":"product_tag","embeddable":true,"href":"https:\/\/www.totalservice.com.co\/index.php?rest_route=%2Fwp%2Fv2%2Fproduct_tag&post=702"}],"curies":[{"name":"wp","href":"https:\/\/api.w.org\/{rel}","templated":true}]}}