{"id":674,"date":"2022-10-27T15:32:55","date_gmt":"2022-10-27T15:32:55","guid":{"rendered":"https:\/\/www.totalservice.com.co\/?post_type=product&#038;p=674"},"modified":"2024-01-18T15:44:46","modified_gmt":"2024-01-18T15:44:46","slug":"luces-para-carro","status":"publish","type":"product","link":"https:\/\/www.totalservice.com.co\/?product=luces-para-carro","title":{"rendered":"Luces Ulta LED para carro"},"content":{"rendered":"<h5>Caracter\u00edsticas principales:<\/h5>\n<ul>\n<li>100 Metro de distancia de iluminaci\u00f3n.<\/li>\n<li>Temperatura de calor entre 6000K-7000K<\/li>\n<li>Temperatura de operaci\u00f3n entre -40\u00b0c &#8211; 85\u00b0c<\/li>\n<li>L\u00famenes 8000lm<\/li>\n<li>Potencia de 32W<\/li>\n<li>Voltaje de 9 a 35VDC<\/li>\n<li>Corriente de 2.5 A<\/li>\n<\/ul>\n","protected":false},"excerpt":{"rendered":"<p>Las luces Ultra Led iluminan tres veces m\u00e1s que las luces de hal\u00f3geno e iluminan a una mayor distancia, hasta 10.000 horas de vida \u00fatil y un bajo consumo de energ\u00eda, adem\u00e1s, ilumina hasta 100 metros con sus 8000 l\u00famenes y tiene una temperatura de color de 6000k a 7000k lo que las hacen indispensables en lluvia y niebla.<\/p>\n","protected":false},"featured_media":2168,"template":"","meta":{"site-sidebar-layout":"default","site-content-layout":"default","ast-site-content-layout":"default","site-content-style":"default","site-sidebar-style":"default","ast-global-header-display":"","ast-banner-title-visibility":"","ast-main-header-display":"","ast-hfb-above-header-display":"","ast-hfb-below-header-display":"","ast-hfb-mobile-header-display":"","site-post-title":"","ast-breadcrumbs-content":"","ast-featured-img":"","footer-sml-layout":"","ast-disable-related-posts":"","theme-transparent-header-meta":"default","adv-header-id-meta":"","stick-header-meta":"","header-above-stick-meta":"","header-main-stick-meta":"","header-below-stick-meta":"","astra-migrate-meta-layouts":"default","ast-page-background-enabled":"default","ast-page-background-meta":{"desktop":{"background-color":"","background-image":"","background-repeat":"repeat","background-position":"center center","background-size":"auto","background-attachment":"scroll","background-type":"","background-media":"","overlay-type":"","overlay-color":"","overlay-opacity":"","overlay-gradient":""},"tablet":{"background-color":"","background-image":"","background-repeat":"repeat","background-position":"center center","background-size":"auto","background-attachment":"scroll","background-type":"","background-media":"","overlay-type":"","overlay-color":"","overlay-opacity":"","overlay-gradient":""},"mobile":{"background-color":"","background-image":"","background-repeat":"repeat","background-position":"center center","background-size":"auto","background-attachment":"scroll","background-type":"","background-media":"","overlay-type":"","overlay-color":"","overlay-opacity":"","overlay-gradient":""}},"ast-content-background-meta":{"desktop":{"background-color":"var(--ast-global-color-5)","background-image":"","background-repeat":"repeat","background-position":"center center","background-size":"auto","background-attachment":"scroll","background-type":"","background-media":"","overlay-type":"","overlay-color":"","overlay-opacity":"","overlay-gradient":""},"tablet":{"background-color":"var(--ast-global-color-5)","background-image":"","background-repeat":"repeat","background-position":"center center","background-size":"auto","background-attachment":"scroll","background-type":"","background-media":"","overlay-type":"","overlay-color":"","overlay-opacity":"","overlay-gradient":""},"mobile":{"background-color":"var(--ast-global-color-5)","background-image":"","background-repeat":"repeat","background-position":"center center","background-size":"auto","background-attachment":"scroll","background-type":"","background-media":"","overlay-type":"","overlay-color":"","overlay-opacity":"","overlay-gradient":""}}},"product_brand":[],"product_cat":[126,33],"product_tag":[36],"class_list":{"0":"post-674","1":"product","2":"type-product","3":"status-publish","4":"has-post-thumbnail","6":"product_cat-accesorios-carros","7":"product_cat-carros","8":"product_tag-luces","9":"desktop-align-left","10":"tablet-align-left","11":"mobile-align-left","13":"first","14":"instock","15":"shipping-taxable","16":"purchasable","17":"product-type-variable"},"yoast_head":"<!-- This site is optimized with the Yoast SEO plugin v26.7 - https:\/\/yoast.com\/wordpress\/plugins\/seo\/ -->\n<title>Luces Ulta LED para carro - Total Service Car Audio<\/title>\n<meta name=\"description\" content=\"Las luces Ultra Led iluminan tres veces m\u00e1s que las luces de hal\u00f3geno e iluminan a una mayor distancia, hasta 10.000 horas de vida \u00fatil y un bajo consumo de energ\u00eda, adem\u00e1s, ilumina hasta 100 metros con sus 8000 l\u00famenes y tiene una temperatura de color de 6000k a 7000k lo que las hacen indispensables en lluvia y niebla.\" \/>\n<meta name=\"robots\" content=\"index, follow, max-snippet:-1, max-image-preview:large, max-video-preview:-1\" \/>\n<link rel=\"canonical\" href=\"https:\/\/www.totalservice.com.co\/?product=luces-para-carro\" \/>\n<meta property=\"og:locale\" content=\"es_ES\" \/>\n<meta property=\"og:type\" content=\"article\" \/>\n<meta property=\"og:title\" content=\"Luces Ulta LED para carro - Total Service Car Audio\" \/>\n<meta property=\"og:description\" content=\"Las luces Ultra Led iluminan tres veces m\u00e1s que las luces de hal\u00f3geno e iluminan a una mayor distancia, hasta 10.000 horas de vida \u00fatil y un bajo consumo de energ\u00eda, adem\u00e1s, ilumina hasta 100 metros con sus 8000 l\u00famenes y tiene una temperatura de color de 6000k a 7000k lo que las hacen indispensables en lluvia y niebla.\" \/>\n<meta property=\"og:url\" content=\"https:\/\/www.totalservice.com.co\/?product=luces-para-carro\" \/>\n<meta property=\"og:site_name\" content=\"Total Service Car Audio\" \/>\n<meta property=\"article:modified_time\" content=\"2024-01-18T15:44:46+00:00\" \/>\n<meta property=\"og:image\" content=\"https:\/\/www.totalservice.com.co\/wp-content\/uploads\/2022\/10\/luces-led-con-fondo-blanco.png\" \/>\n\t<meta property=\"og:image:width\" content=\"2400\" \/>\n\t<meta property=\"og:image:height\" content=\"2400\" \/>\n\t<meta property=\"og:image:type\" content=\"image\/png\" \/>\n<meta name=\"twitter:card\" content=\"summary_large_image\" \/>\n<meta name=\"twitter:label1\" content=\"Tiempo de lectura\" \/>\n\t<meta name=\"twitter:data1\" content=\"1 minuto\" \/>\n<script type=\"application\/ld+json\" class=\"yoast-schema-graph\">{\"@context\":\"https:\/\/schema.org\",\"@graph\":[{\"@type\":\"WebPage\",\"@id\":\"https:\/\/www.totalservice.com.co\/?product=luces-para-carro\",\"url\":\"https:\/\/www.totalservice.com.co\/?product=luces-para-carro\",\"name\":\"Luces Ulta LED para carro - Total Service Car Audio\",\"isPartOf\":{\"@id\":\"https:\/\/www.totalservice.com.co\/#website\"},\"primaryImageOfPage\":{\"@id\":\"https:\/\/www.totalservice.com.co\/?product=luces-para-carro#primaryimage\"},\"image\":{\"@id\":\"https:\/\/www.totalservice.com.co\/?product=luces-para-carro#primaryimage\"},\"thumbnailUrl\":\"https:\/\/www.totalservice.com.co\/wp-content\/uploads\/2022\/10\/luces-led-con-fondo-blanco.png\",\"datePublished\":\"2022-10-27T15:32:55+00:00\",\"dateModified\":\"2024-01-18T15:44:46+00:00\",\"description\":\"Las luces Ultra Led iluminan tres veces m\u00e1s que las luces de hal\u00f3geno e iluminan a una mayor distancia, hasta 10.000 horas de vida \u00fatil y un bajo consumo de energ\u00eda, adem\u00e1s, ilumina hasta 100 metros con sus 8000 l\u00famenes y tiene una temperatura de color de 6000k a 7000k lo que las hacen indispensables en lluvia y niebla.\",\"breadcrumb\":{\"@id\":\"https:\/\/www.totalservice.com.co\/?product=luces-para-carro#breadcrumb\"},\"inLanguage\":\"es\",\"potentialAction\":[{\"@type\":\"ReadAction\",\"target\":[\"https:\/\/www.totalservice.com.co\/?product=luces-para-carro\"]}]},{\"@type\":\"ImageObject\",\"inLanguage\":\"es\",\"@id\":\"https:\/\/www.totalservice.com.co\/?product=luces-para-carro#primaryimage\",\"url\":\"https:\/\/www.totalservice.com.co\/wp-content\/uploads\/2022\/10\/luces-led-con-fondo-blanco.png\",\"contentUrl\":\"https:\/\/www.totalservice.com.co\/wp-content\/uploads\/2022\/10\/luces-led-con-fondo-blanco.png\",\"width\":2400,\"height\":2400},{\"@type\":\"BreadcrumbList\",\"@id\":\"https:\/\/www.totalservice.com.co\/?product=luces-para-carro#breadcrumb\",\"itemListElement\":[{\"@type\":\"ListItem\",\"position\":1,\"name\":\"Portada\",\"item\":\"https:\/\/www.totalservice.com.co\/\"},{\"@type\":\"ListItem\",\"position\":2,\"name\":\"Tienda\",\"item\":\"https:\/\/www.totalservice.com.co\/?page_id=2019\"},{\"@type\":\"ListItem\",\"position\":3,\"name\":\"Luces Ulta LED para carro\"}]},{\"@type\":\"WebSite\",\"@id\":\"https:\/\/www.totalservice.com.co\/#website\",\"url\":\"https:\/\/www.totalservice.com.co\/\",\"name\":\"Total Service Car Audio\",\"description\":\"Tienda Online de Accesorios para Veh\u00edculos\",\"publisher\":{\"@id\":\"https:\/\/www.totalservice.com.co\/#organization\"},\"potentialAction\":[{\"@type\":\"SearchAction\",\"target\":{\"@type\":\"EntryPoint\",\"urlTemplate\":\"https:\/\/www.totalservice.com.co\/?s={search_term_string}\"},\"query-input\":{\"@type\":\"PropertyValueSpecification\",\"valueRequired\":true,\"valueName\":\"search_term_string\"}}],\"inLanguage\":\"es\"},{\"@type\":\"Organization\",\"@id\":\"https:\/\/www.totalservice.com.co\/#organization\",\"name\":\"Total Service Car Audio\",\"url\":\"https:\/\/www.totalservice.com.co\/\",\"logo\":{\"@type\":\"ImageObject\",\"inLanguage\":\"es\",\"@id\":\"https:\/\/www.totalservice.com.co\/#\/schema\/logo\/image\/\",\"url\":\"https:\/\/www.totalservice.com.co\/wp-content\/uploads\/2022\/08\/cropped-cropped-cropped-logo-total-service-02-3.png\",\"contentUrl\":\"https:\/\/www.totalservice.com.co\/wp-content\/uploads\/2022\/08\/cropped-cropped-cropped-logo-total-service-02-3.png\",\"width\":2251,\"height\":750,\"caption\":\"Total Service Car Audio\"},\"image\":{\"@id\":\"https:\/\/www.totalservice.com.co\/#\/schema\/logo\/image\/\"}}]}<\/script>\n<!-- \/ Yoast SEO plugin. -->","yoast_head_json":{"title":"Luces Ulta LED para carro - Total Service Car Audio","description":"Las luces Ultra Led iluminan tres veces m\u00e1s que las luces de hal\u00f3geno e iluminan a una mayor distancia, hasta 10.000 horas de vida \u00fatil y un bajo consumo de energ\u00eda, adem\u00e1s, ilumina hasta 100 metros con sus 8000 l\u00famenes y tiene una temperatura de color de 6000k a 7000k lo que las hacen indispensables en lluvia y niebla.","robots":{"index":"index","follow":"follow","max-snippet":"max-snippet:-1","max-image-preview":"max-image-preview:large","max-video-preview":"max-video-preview:-1"},"canonical":"https:\/\/www.totalservice.com.co\/?product=luces-para-carro","og_locale":"es_ES","og_type":"article","og_title":"Luces Ulta LED para carro - Total Service Car Audio","og_description":"Las luces Ultra Led iluminan tres veces m\u00e1s que las luces de hal\u00f3geno e iluminan a una mayor distancia, hasta 10.000 horas de vida \u00fatil y un bajo consumo de energ\u00eda, adem\u00e1s, ilumina hasta 100 metros con sus 8000 l\u00famenes y tiene una temperatura de color de 6000k a 7000k lo que las hacen indispensables en lluvia y niebla.","og_url":"https:\/\/www.totalservice.com.co\/?product=luces-para-carro","og_site_name":"Total Service Car Audio","article_modified_time":"2024-01-18T15:44:46+00:00","og_image":[{"width":2400,"height":2400,"url":"https:\/\/www.totalservice.com.co\/wp-content\/uploads\/2022\/10\/luces-led-con-fondo-blanco.png","type":"image\/png"}],"twitter_card":"summary_large_image","twitter_misc":{"Tiempo de lectura":"1 minuto"},"schema":{"@context":"https:\/\/schema.org","@graph":[{"@type":"WebPage","@id":"https:\/\/www.totalservice.com.co\/?product=luces-para-carro","url":"https:\/\/www.totalservice.com.co\/?product=luces-para-carro","name":"Luces Ulta LED para carro - Total Service Car Audio","isPartOf":{"@id":"https:\/\/www.totalservice.com.co\/#website"},"primaryImageOfPage":{"@id":"https:\/\/www.totalservice.com.co\/?product=luces-para-carro#primaryimage"},"image":{"@id":"https:\/\/www.totalservice.com.co\/?product=luces-para-carro#primaryimage"},"thumbnailUrl":"https:\/\/www.totalservice.com.co\/wp-content\/uploads\/2022\/10\/luces-led-con-fondo-blanco.png","datePublished":"2022-10-27T15:32:55+00:00","dateModified":"2024-01-18T15:44:46+00:00","description":"Las luces Ultra Led iluminan tres veces m\u00e1s que las luces de hal\u00f3geno e iluminan a una mayor distancia, hasta 10.000 horas de vida \u00fatil y un bajo consumo de energ\u00eda, adem\u00e1s, ilumina hasta 100 metros con sus 8000 l\u00famenes y tiene una temperatura de color de 6000k a 7000k lo que las hacen indispensables en lluvia y niebla.","breadcrumb":{"@id":"https:\/\/www.totalservice.com.co\/?product=luces-para-carro#breadcrumb"},"inLanguage":"es","potentialAction":[{"@type":"ReadAction","target":["https:\/\/www.totalservice.com.co\/?product=luces-para-carro"]}]},{"@type":"ImageObject","inLanguage":"es","@id":"https:\/\/www.totalservice.com.co\/?product=luces-para-carro#primaryimage","url":"https:\/\/www.totalservice.com.co\/wp-content\/uploads\/2022\/10\/luces-led-con-fondo-blanco.png","contentUrl":"https:\/\/www.totalservice.com.co\/wp-content\/uploads\/2022\/10\/luces-led-con-fondo-blanco.png","width":2400,"height":2400},{"@type":"BreadcrumbList","@id":"https:\/\/www.totalservice.com.co\/?product=luces-para-carro#breadcrumb","itemListElement":[{"@type":"ListItem","position":1,"name":"Portada","item":"https:\/\/www.totalservice.com.co\/"},{"@type":"ListItem","position":2,"name":"Tienda","item":"https:\/\/www.totalservice.com.co\/?page_id=2019"},{"@type":"ListItem","position":3,"name":"Luces Ulta LED para carro"}]},{"@type":"WebSite","@id":"https:\/\/www.totalservice.com.co\/#website","url":"https:\/\/www.totalservice.com.co\/","name":"Total Service Car Audio","description":"Tienda Online de Accesorios para Veh\u00edculos","publisher":{"@id":"https:\/\/www.totalservice.com.co\/#organization"},"potentialAction":[{"@type":"SearchAction","target":{"@type":"EntryPoint","urlTemplate":"https:\/\/www.totalservice.com.co\/?s={search_term_string}"},"query-input":{"@type":"PropertyValueSpecification","valueRequired":true,"valueName":"search_term_string"}}],"inLanguage":"es"},{"@type":"Organization","@id":"https:\/\/www.totalservice.com.co\/#organization","name":"Total Service Car Audio","url":"https:\/\/www.totalservice.com.co\/","logo":{"@type":"ImageObject","inLanguage":"es","@id":"https:\/\/www.totalservice.com.co\/#\/schema\/logo\/image\/","url":"https:\/\/www.totalservice.com.co\/wp-content\/uploads\/2022\/08\/cropped-cropped-cropped-logo-total-service-02-3.png","contentUrl":"https:\/\/www.totalservice.com.co\/wp-content\/uploads\/2022\/08\/cropped-cropped-cropped-logo-total-service-02-3.png","width":2251,"height":750,"caption":"Total Service Car Audio"},"image":{"@id":"https:\/\/www.totalservice.com.co\/#\/schema\/logo\/image\/"}}]}},"_links":{"self":[{"href":"https:\/\/www.totalservice.com.co\/index.php?rest_route=\/wp\/v2\/product\/674","targetHints":{"allow":["GET"]}}],"collection":[{"href":"https:\/\/www.totalservice.com.co\/index.php?rest_route=\/wp\/v2\/product"}],"about":[{"href":"https:\/\/www.totalservice.com.co\/index.php?rest_route=\/wp\/v2\/types\/product"}],"wp:featuredmedia":[{"embeddable":true,"href":"https:\/\/www.totalservice.com.co\/index.php?rest_route=\/wp\/v2\/media\/2168"}],"wp:attachment":[{"href":"https:\/\/www.totalservice.com.co\/index.php?rest_route=%2Fwp%2Fv2%2Fmedia&parent=674"}],"wp:term":[{"taxonomy":"product_brand","embeddable":true,"href":"https:\/\/www.totalservice.com.co\/index.php?rest_route=%2Fwp%2Fv2%2Fproduct_brand&post=674"},{"taxonomy":"product_cat","embeddable":true,"href":"https:\/\/www.totalservice.com.co\/index.php?rest_route=%2Fwp%2Fv2%2Fproduct_cat&post=674"},{"taxonomy":"product_tag","embeddable":true,"href":"https:\/\/www.totalservice.com.co\/index.php?rest_route=%2Fwp%2Fv2%2Fproduct_tag&post=674"}],"curies":[{"name":"wp","href":"https:\/\/api.w.org\/{rel}","templated":true}]}}