{"id":2358,"date":"2024-01-20T13:19:32","date_gmt":"2024-01-20T13:19:32","guid":{"rendered":"https:\/\/www.totalservice.com.co\/?post_type=product&#038;p=2358"},"modified":"2024-09-20T21:18:47","modified_gmt":"2024-09-20T21:18:47","slug":"compresor-de-llantas","status":"publish","type":"product","link":"https:\/\/www.totalservice.com.co\/?product=compresor-de-llantas","title":{"rendered":"Compresor de llantas"},"content":{"rendered":"<p>Caracter\u00edsticas:<\/p>\n<ul>\n<li>Modo de mantenimiento de presi\u00f3n para m\u00e1s facilidad.<\/li>\n<li>Voltaje de operaci\u00f3n: 10-15VDC<\/li>\n<li>Corriente de funcionamiento: 10 A<\/li>\n<li>Temperatura de almacenamiento:<br \/>\n\u2022 -20 \u00b0C ~ + 60\u00b0 C<br \/>\n\u2022 -4 \u00b0F ~ 140 \u00b0F<\/li>\n<li>Presi\u00f3n inflable m\u00e1xima: Para carro: 6,0 bares \/ 87 psi<\/li>\n<li>Longitud del cable de alimentaci\u00f3n: 3,3 metros<\/li>\n<li>Precisi\u00f3n de presi\u00f3n:<br \/>\n\u2022\u00a0<strong>\u00b1<\/strong>\u00a00,1 bar \/\u00a0<strong>\u00b1<\/strong>2 psi (inflado)<br \/>\n\u2022\u00a0<strong>\u00b1\u00a0<\/strong>0,01 bar \/\u00a0<strong>\u00b1\u00a0<\/strong>0,2 psi (pantalla)<\/li>\n<\/ul>\n<p>Especificaciones:<\/p>\n<ul>\n<li>2 formas de suministro de energ\u00eda posibles:<br \/>\n\u2013 Bater\u00eda de litio de alta capacidad incorporada de 6000 mAh<br \/>\n\u2013 Fuente de alimentaci\u00f3n \u2013 conexi\u00f3n a cigarrera 12VDC Inflado r\u00e1pido en 5 minutos (0-2,5 bar, 205\/55\/R16)<\/li>\n<li>Man\u00f3metro de aire digital incluido<\/li>\n<li>Modos de inflado inteligentes<\/li>\n<li>Unidad de presi\u00f3n ajustable.<\/li>\n<li>Iluminaci\u00f3n LED blanca de emergencia<\/li>\n<li>3 boquillas diferentes incluidas.<\/li>\n<li>Soporta la reparaci\u00f3n autom\u00e1tica de neum\u00e1ticos con sellador de neum\u00e1ticos.<\/li>\n<li>(Tama\u00f1o del orificio de perforaci\u00f3n: &lt;6 mm)<\/li>\n<\/ul>\n","protected":false},"excerpt":{"rendered":"<p>Inflador de neum\u00e1ticos port\u00e1til para autom\u00f3viles de tama\u00f1o reducido, una soluci\u00f3n f\u00e1cil en caso de emergencia por baja presi\u00f3n en las llantas. \u00datil tambi\u00e9n en bicicletas, balones, balsas inflables, colchones de aire y m\u00e1s.<\/p>\n","protected":false},"featured_media":2359,"template":"","meta":{"site-sidebar-layout":"default","site-content-layout":"default","ast-site-content-layout":"default","site-content-style":"default","site-sidebar-style":"default","ast-global-header-display":"","ast-banner-title-visibility":"","ast-main-header-display":"","ast-hfb-above-header-display":"","ast-hfb-below-header-display":"","ast-hfb-mobile-header-display":"","site-post-title":"","ast-breadcrumbs-content":"","ast-featured-img":"","footer-sml-layout":"","ast-disable-related-posts":"","theme-transparent-header-meta":"default","adv-header-id-meta":"","stick-header-meta":"","header-above-stick-meta":"","header-main-stick-meta":"","header-below-stick-meta":"","astra-migrate-meta-layouts":"default","ast-page-background-enabled":"default","ast-page-background-meta":{"desktop":{"background-color":"","background-image":"","background-repeat":"repeat","background-position":"center center","background-size":"auto","background-attachment":"scroll","background-type":"","background-media":"","overlay-type":"","overlay-color":"","overlay-opacity":"","overlay-gradient":""},"tablet":{"background-color":"","background-image":"","background-repeat":"repeat","background-position":"center center","background-size":"auto","background-attachment":"scroll","background-type":"","background-media":"","overlay-type":"","overlay-color":"","overlay-opacity":"","overlay-gradient":""},"mobile":{"background-color":"","background-image":"","background-repeat":"repeat","background-position":"center center","background-size":"auto","background-attachment":"scroll","background-type":"","background-media":"","overlay-type":"","overlay-color":"","overlay-opacity":"","overlay-gradient":""}},"ast-content-background-meta":{"desktop":{"background-color":"var(--ast-global-color-5)","background-image":"","background-repeat":"repeat","background-position":"center center","background-size":"auto","background-attachment":"scroll","background-type":"","background-media":"","overlay-type":"","overlay-color":"","overlay-opacity":"","overlay-gradient":""},"tablet":{"background-color":"var(--ast-global-color-5)","background-image":"","background-repeat":"repeat","background-position":"center center","background-size":"auto","background-attachment":"scroll","background-type":"","background-media":"","overlay-type":"","overlay-color":"","overlay-opacity":"","overlay-gradient":""},"mobile":{"background-color":"var(--ast-global-color-5)","background-image":"","background-repeat":"repeat","background-position":"center center","background-size":"auto","background-attachment":"scroll","background-type":"","background-media":"","overlay-type":"","overlay-color":"","overlay-opacity":"","overlay-gradient":""}}},"product_brand":[],"product_cat":[126,124,33,34],"product_tag":[],"class_list":{"0":"post-2358","1":"product","2":"type-product","3":"status-publish","4":"has-post-thumbnail","6":"product_cat-accesorios-carros","7":"product_cat-accesorios-motos","8":"product_cat-carros","9":"product_cat-motos","10":"desktop-align-left","11":"tablet-align-left","12":"mobile-align-left","14":"first","15":"instock","16":"shipping-taxable","17":"purchasable","18":"product-type-simple"},"yoast_head":"<!-- This site is optimized with the Yoast SEO plugin v26.7 - https:\/\/yoast.com\/wordpress\/plugins\/seo\/ -->\n<title>Compresor de llantas - Total Service Car Audio<\/title>\n<meta name=\"robots\" content=\"index, follow, max-snippet:-1, max-image-preview:large, max-video-preview:-1\" \/>\n<link rel=\"canonical\" href=\"https:\/\/www.totalservice.com.co\/?product=compresor-de-llantas\" \/>\n<meta property=\"og:locale\" content=\"es_ES\" \/>\n<meta property=\"og:type\" content=\"article\" \/>\n<meta property=\"og:title\" content=\"Compresor de llantas - Total Service Car Audio\" \/>\n<meta property=\"og:description\" content=\"Inflador de neum\u00e1ticos port\u00e1til para autom\u00f3viles de tama\u00f1o reducido, una soluci\u00f3n f\u00e1cil en caso de emergencia por baja presi\u00f3n en las llantas. \u00datil tambi\u00e9n en bicicletas, balones, balsas inflables, colchones de aire y m\u00e1s.\" \/>\n<meta property=\"og:url\" content=\"https:\/\/www.totalservice.com.co\/?product=compresor-de-llantas\" \/>\n<meta property=\"og:site_name\" content=\"Total Service Car Audio\" \/>\n<meta property=\"article:modified_time\" content=\"2024-09-20T21:18:47+00:00\" \/>\n<meta property=\"og:image\" content=\"https:\/\/www.totalservice.com.co\/wp-content\/uploads\/2024\/01\/Compresor-llantas-Ultra-con-fondo-blanco-1024x1024.png\" \/>\n\t<meta property=\"og:image:width\" content=\"1024\" \/>\n\t<meta property=\"og:image:height\" content=\"1024\" \/>\n\t<meta property=\"og:image:type\" content=\"image\/png\" \/>\n<meta name=\"twitter:card\" content=\"summary_large_image\" \/>\n<meta name=\"twitter:label1\" content=\"Tiempo de lectura\" \/>\n\t<meta name=\"twitter:data1\" content=\"1 minuto\" \/>\n<script type=\"application\/ld+json\" class=\"yoast-schema-graph\">{\"@context\":\"https:\/\/schema.org\",\"@graph\":[{\"@type\":\"WebPage\",\"@id\":\"https:\/\/www.totalservice.com.co\/?product=compresor-de-llantas\",\"url\":\"https:\/\/www.totalservice.com.co\/?product=compresor-de-llantas\",\"name\":\"Compresor de llantas - Total Service Car Audio\",\"isPartOf\":{\"@id\":\"https:\/\/www.totalservice.com.co\/#website\"},\"primaryImageOfPage\":{\"@id\":\"https:\/\/www.totalservice.com.co\/?product=compresor-de-llantas#primaryimage\"},\"image\":{\"@id\":\"https:\/\/www.totalservice.com.co\/?product=compresor-de-llantas#primaryimage\"},\"thumbnailUrl\":\"https:\/\/www.totalservice.com.co\/wp-content\/uploads\/2024\/01\/Compresor-llantas-Ultra-con-fondo-blanco.png\",\"datePublished\":\"2024-01-20T13:19:32+00:00\",\"dateModified\":\"2024-09-20T21:18:47+00:00\",\"breadcrumb\":{\"@id\":\"https:\/\/www.totalservice.com.co\/?product=compresor-de-llantas#breadcrumb\"},\"inLanguage\":\"es\",\"potentialAction\":[{\"@type\":\"ReadAction\",\"target\":[\"https:\/\/www.totalservice.com.co\/?product=compresor-de-llantas\"]}]},{\"@type\":\"ImageObject\",\"inLanguage\":\"es\",\"@id\":\"https:\/\/www.totalservice.com.co\/?product=compresor-de-llantas#primaryimage\",\"url\":\"https:\/\/www.totalservice.com.co\/wp-content\/uploads\/2024\/01\/Compresor-llantas-Ultra-con-fondo-blanco.png\",\"contentUrl\":\"https:\/\/www.totalservice.com.co\/wp-content\/uploads\/2024\/01\/Compresor-llantas-Ultra-con-fondo-blanco.png\",\"width\":2400,\"height\":2400},{\"@type\":\"BreadcrumbList\",\"@id\":\"https:\/\/www.totalservice.com.co\/?product=compresor-de-llantas#breadcrumb\",\"itemListElement\":[{\"@type\":\"ListItem\",\"position\":1,\"name\":\"Portada\",\"item\":\"https:\/\/www.totalservice.com.co\/\"},{\"@type\":\"ListItem\",\"position\":2,\"name\":\"Tienda\",\"item\":\"https:\/\/www.totalservice.com.co\/?page_id=2019\"},{\"@type\":\"ListItem\",\"position\":3,\"name\":\"Compresor de llantas\"}]},{\"@type\":\"WebSite\",\"@id\":\"https:\/\/www.totalservice.com.co\/#website\",\"url\":\"https:\/\/www.totalservice.com.co\/\",\"name\":\"Total Service Car Audio\",\"description\":\"Tienda Online de Accesorios para Veh\u00edculos\",\"publisher\":{\"@id\":\"https:\/\/www.totalservice.com.co\/#organization\"},\"potentialAction\":[{\"@type\":\"SearchAction\",\"target\":{\"@type\":\"EntryPoint\",\"urlTemplate\":\"https:\/\/www.totalservice.com.co\/?s={search_term_string}\"},\"query-input\":{\"@type\":\"PropertyValueSpecification\",\"valueRequired\":true,\"valueName\":\"search_term_string\"}}],\"inLanguage\":\"es\"},{\"@type\":\"Organization\",\"@id\":\"https:\/\/www.totalservice.com.co\/#organization\",\"name\":\"Total Service Car Audio\",\"url\":\"https:\/\/www.totalservice.com.co\/\",\"logo\":{\"@type\":\"ImageObject\",\"inLanguage\":\"es\",\"@id\":\"https:\/\/www.totalservice.com.co\/#\/schema\/logo\/image\/\",\"url\":\"https:\/\/www.totalservice.com.co\/wp-content\/uploads\/2022\/08\/cropped-cropped-cropped-logo-total-service-02-3.png\",\"contentUrl\":\"https:\/\/www.totalservice.com.co\/wp-content\/uploads\/2022\/08\/cropped-cropped-cropped-logo-total-service-02-3.png\",\"width\":2251,\"height\":750,\"caption\":\"Total Service Car Audio\"},\"image\":{\"@id\":\"https:\/\/www.totalservice.com.co\/#\/schema\/logo\/image\/\"}}]}<\/script>\n<!-- \/ Yoast SEO plugin. -->","yoast_head_json":{"title":"Compresor de llantas - Total Service Car Audio","robots":{"index":"index","follow":"follow","max-snippet":"max-snippet:-1","max-image-preview":"max-image-preview:large","max-video-preview":"max-video-preview:-1"},"canonical":"https:\/\/www.totalservice.com.co\/?product=compresor-de-llantas","og_locale":"es_ES","og_type":"article","og_title":"Compresor de llantas - Total Service Car Audio","og_description":"Inflador de neum\u00e1ticos port\u00e1til para autom\u00f3viles de tama\u00f1o reducido, una soluci\u00f3n f\u00e1cil en caso de emergencia por baja presi\u00f3n en las llantas. \u00datil tambi\u00e9n en bicicletas, balones, balsas inflables, colchones de aire y m\u00e1s.","og_url":"https:\/\/www.totalservice.com.co\/?product=compresor-de-llantas","og_site_name":"Total Service Car Audio","article_modified_time":"2024-09-20T21:18:47+00:00","og_image":[{"width":1024,"height":1024,"url":"https:\/\/www.totalservice.com.co\/wp-content\/uploads\/2024\/01\/Compresor-llantas-Ultra-con-fondo-blanco-1024x1024.png","type":"image\/png"}],"twitter_card":"summary_large_image","twitter_misc":{"Tiempo de lectura":"1 minuto"},"schema":{"@context":"https:\/\/schema.org","@graph":[{"@type":"WebPage","@id":"https:\/\/www.totalservice.com.co\/?product=compresor-de-llantas","url":"https:\/\/www.totalservice.com.co\/?product=compresor-de-llantas","name":"Compresor de llantas - Total Service Car Audio","isPartOf":{"@id":"https:\/\/www.totalservice.com.co\/#website"},"primaryImageOfPage":{"@id":"https:\/\/www.totalservice.com.co\/?product=compresor-de-llantas#primaryimage"},"image":{"@id":"https:\/\/www.totalservice.com.co\/?product=compresor-de-llantas#primaryimage"},"thumbnailUrl":"https:\/\/www.totalservice.com.co\/wp-content\/uploads\/2024\/01\/Compresor-llantas-Ultra-con-fondo-blanco.png","datePublished":"2024-01-20T13:19:32+00:00","dateModified":"2024-09-20T21:18:47+00:00","breadcrumb":{"@id":"https:\/\/www.totalservice.com.co\/?product=compresor-de-llantas#breadcrumb"},"inLanguage":"es","potentialAction":[{"@type":"ReadAction","target":["https:\/\/www.totalservice.com.co\/?product=compresor-de-llantas"]}]},{"@type":"ImageObject","inLanguage":"es","@id":"https:\/\/www.totalservice.com.co\/?product=compresor-de-llantas#primaryimage","url":"https:\/\/www.totalservice.com.co\/wp-content\/uploads\/2024\/01\/Compresor-llantas-Ultra-con-fondo-blanco.png","contentUrl":"https:\/\/www.totalservice.com.co\/wp-content\/uploads\/2024\/01\/Compresor-llantas-Ultra-con-fondo-blanco.png","width":2400,"height":2400},{"@type":"BreadcrumbList","@id":"https:\/\/www.totalservice.com.co\/?product=compresor-de-llantas#breadcrumb","itemListElement":[{"@type":"ListItem","position":1,"name":"Portada","item":"https:\/\/www.totalservice.com.co\/"},{"@type":"ListItem","position":2,"name":"Tienda","item":"https:\/\/www.totalservice.com.co\/?page_id=2019"},{"@type":"ListItem","position":3,"name":"Compresor de llantas"}]},{"@type":"WebSite","@id":"https:\/\/www.totalservice.com.co\/#website","url":"https:\/\/www.totalservice.com.co\/","name":"Total Service Car Audio","description":"Tienda Online de Accesorios para Veh\u00edculos","publisher":{"@id":"https:\/\/www.totalservice.com.co\/#organization"},"potentialAction":[{"@type":"SearchAction","target":{"@type":"EntryPoint","urlTemplate":"https:\/\/www.totalservice.com.co\/?s={search_term_string}"},"query-input":{"@type":"PropertyValueSpecification","valueRequired":true,"valueName":"search_term_string"}}],"inLanguage":"es"},{"@type":"Organization","@id":"https:\/\/www.totalservice.com.co\/#organization","name":"Total Service Car Audio","url":"https:\/\/www.totalservice.com.co\/","logo":{"@type":"ImageObject","inLanguage":"es","@id":"https:\/\/www.totalservice.com.co\/#\/schema\/logo\/image\/","url":"https:\/\/www.totalservice.com.co\/wp-content\/uploads\/2022\/08\/cropped-cropped-cropped-logo-total-service-02-3.png","contentUrl":"https:\/\/www.totalservice.com.co\/wp-content\/uploads\/2022\/08\/cropped-cropped-cropped-logo-total-service-02-3.png","width":2251,"height":750,"caption":"Total Service Car Audio"},"image":{"@id":"https:\/\/www.totalservice.com.co\/#\/schema\/logo\/image\/"}}]}},"_links":{"self":[{"href":"https:\/\/www.totalservice.com.co\/index.php?rest_route=\/wp\/v2\/product\/2358","targetHints":{"allow":["GET"]}}],"collection":[{"href":"https:\/\/www.totalservice.com.co\/index.php?rest_route=\/wp\/v2\/product"}],"about":[{"href":"https:\/\/www.totalservice.com.co\/index.php?rest_route=\/wp\/v2\/types\/product"}],"wp:featuredmedia":[{"embeddable":true,"href":"https:\/\/www.totalservice.com.co\/index.php?rest_route=\/wp\/v2\/media\/2359"}],"wp:attachment":[{"href":"https:\/\/www.totalservice.com.co\/index.php?rest_route=%2Fwp%2Fv2%2Fmedia&parent=2358"}],"wp:term":[{"taxonomy":"product_brand","embeddable":true,"href":"https:\/\/www.totalservice.com.co\/index.php?rest_route=%2Fwp%2Fv2%2Fproduct_brand&post=2358"},{"taxonomy":"product_cat","embeddable":true,"href":"https:\/\/www.totalservice.com.co\/index.php?rest_route=%2Fwp%2Fv2%2Fproduct_cat&post=2358"},{"taxonomy":"product_tag","embeddable":true,"href":"https:\/\/www.totalservice.com.co\/index.php?rest_route=%2Fwp%2Fv2%2Fproduct_tag&post=2358"}],"curies":[{"name":"wp","href":"https:\/\/api.w.org\/{rel}","templated":true}]}}