{"id":2343,"date":"2024-01-19T16:02:30","date_gmt":"2024-01-19T16:02:30","guid":{"rendered":"https:\/\/www.totalservice.com.co\/?post_type=product&#038;p=2343"},"modified":"2024-09-20T21:19:29","modified_gmt":"2024-09-20T21:19:29","slug":"alarma-rocko-sentry","status":"publish","type":"product","link":"https:\/\/www.totalservice.com.co\/?product=alarma-rocko-sentry","title":{"rendered":"Rocko Sentry"},"content":{"rendered":"<p>Garant\u00eda de 24 meses en Total Service<br \/>\nHasta 4 controles<br \/>\nControles hopping code<br \/>\nModo silencioso<br \/>\nServicio de seguridad a trav\u00e9s del pedal de freno del pedal de<br \/>\nfreno<br \/>\nFunci\u00f3n valet<br \/>\nFunci\u00f3n anti atraco por control remoto<br \/>\nAdvertencias luces encendida, puerta abierta<br \/>\nActivaci\u00f3n autom\u00e1tica<br \/>\nRearmado<br \/>\nMemoria de estado<br \/>\nDesactivaci\u00f3n manual<br \/>\nB\u00fasqueda<\/p>\n<p>&nbsp;<\/p>\n<p>&nbsp;<\/p>\n","protected":false},"excerpt":{"rendered":"<p>Garant\u00eda de 24 meses en Total Service Hasta 4 controles Controles hopping code Modo silencioso Servicio de seguridad a trav\u00e9s del pedal de freno del pedal de freno Funci\u00f3n valet Funci\u00f3n anti atraco por control remoto Advertencias luces encendida, puerta abierta Activaci\u00f3n autom\u00e1tica Rearmado Memoria de estado Desactivaci\u00f3n manual B\u00fasqueda &nbsp; &nbsp;<\/p>\n","protected":false},"featured_media":2345,"template":"","meta":{"site-sidebar-layout":"default","site-content-layout":"default","ast-site-content-layout":"default","site-content-style":"default","site-sidebar-style":"default","ast-global-header-display":"","ast-banner-title-visibility":"","ast-main-header-display":"","ast-hfb-above-header-display":"","ast-hfb-below-header-display":"","ast-hfb-mobile-header-display":"","site-post-title":"","ast-breadcrumbs-content":"","ast-featured-img":"","footer-sml-layout":"","ast-disable-related-posts":"","theme-transparent-header-meta":"default","adv-header-id-meta":"","stick-header-meta":"","header-above-stick-meta":"","header-main-stick-meta":"","header-below-stick-meta":"","astra-migrate-meta-layouts":"default","ast-page-background-enabled":"default","ast-page-background-meta":{"desktop":{"background-color":"","background-image":"","background-repeat":"repeat","background-position":"center center","background-size":"auto","background-attachment":"scroll","background-type":"","background-media":"","overlay-type":"","overlay-color":"","overlay-opacity":"","overlay-gradient":""},"tablet":{"background-color":"","background-image":"","background-repeat":"repeat","background-position":"center center","background-size":"auto","background-attachment":"scroll","background-type":"","background-media":"","overlay-type":"","overlay-color":"","overlay-opacity":"","overlay-gradient":""},"mobile":{"background-color":"","background-image":"","background-repeat":"repeat","background-position":"center center","background-size":"auto","background-attachment":"scroll","background-type":"","background-media":"","overlay-type":"","overlay-color":"","overlay-opacity":"","overlay-gradient":""}},"ast-content-background-meta":{"desktop":{"background-color":"var(--ast-global-color-5)","background-image":"","background-repeat":"repeat","background-position":"center center","background-size":"auto","background-attachment":"scroll","background-type":"","background-media":"","overlay-type":"","overlay-color":"","overlay-opacity":"","overlay-gradient":""},"tablet":{"background-color":"var(--ast-global-color-5)","background-image":"","background-repeat":"repeat","background-position":"center center","background-size":"auto","background-attachment":"scroll","background-type":"","background-media":"","overlay-type":"","overlay-color":"","overlay-opacity":"","overlay-gradient":""},"mobile":{"background-color":"var(--ast-global-color-5)","background-image":"","background-repeat":"repeat","background-position":"center center","background-size":"auto","background-attachment":"scroll","background-type":"","background-media":"","overlay-type":"","overlay-color":"","overlay-opacity":"","overlay-gradient":""}}},"product_brand":[],"product_cat":[123,33],"product_tag":[],"class_list":{"0":"post-2343","1":"product","2":"type-product","3":"status-publish","4":"has-post-thumbnail","6":"product_cat-alarmas","7":"product_cat-carros","8":"desktop-align-left","9":"tablet-align-left","10":"mobile-align-left","12":"first","13":"instock","14":"shipping-taxable","15":"purchasable","16":"product-type-simple"},"yoast_head":"<!-- This site is optimized with the Yoast SEO plugin v26.7 - https:\/\/yoast.com\/wordpress\/plugins\/seo\/ -->\n<title>Rocko Sentry - Total Service Car Audio<\/title>\n<meta name=\"robots\" content=\"index, follow, max-snippet:-1, max-image-preview:large, max-video-preview:-1\" \/>\n<link rel=\"canonical\" href=\"https:\/\/www.totalservice.com.co\/?product=alarma-rocko-sentry\" \/>\n<meta property=\"og:locale\" content=\"es_ES\" \/>\n<meta property=\"og:type\" content=\"article\" \/>\n<meta property=\"og:title\" content=\"Rocko Sentry - Total Service Car Audio\" \/>\n<meta property=\"og:description\" content=\"Garant\u00eda de 24 meses en Total Service Hasta 4 controles Controles hopping code Modo silencioso Servicio de seguridad a trav\u00e9s del pedal de freno del pedal de freno Funci\u00f3n valet Funci\u00f3n anti atraco por control remoto Advertencias luces encendida, puerta abierta Activaci\u00f3n autom\u00e1tica Rearmado Memoria de estado Desactivaci\u00f3n manual B\u00fasqueda &nbsp; &nbsp;\" \/>\n<meta property=\"og:url\" content=\"https:\/\/www.totalservice.com.co\/?product=alarma-rocko-sentry\" \/>\n<meta property=\"og:site_name\" content=\"Total Service Car Audio\" \/>\n<meta property=\"article:modified_time\" content=\"2024-09-20T21:19:29+00:00\" \/>\n<meta property=\"og:image\" content=\"https:\/\/www.totalservice.com.co\/wp-content\/uploads\/2024\/01\/Control-rocko-sentry-fondo-blanco.png\" \/>\n\t<meta property=\"og:image:width\" content=\"2400\" \/>\n\t<meta property=\"og:image:height\" content=\"2400\" \/>\n\t<meta property=\"og:image:type\" content=\"image\/png\" \/>\n<meta name=\"twitter:card\" content=\"summary_large_image\" \/>\n<meta name=\"twitter:label1\" content=\"Tiempo de lectura\" \/>\n\t<meta name=\"twitter:data1\" content=\"1 minuto\" \/>\n<script type=\"application\/ld+json\" class=\"yoast-schema-graph\">{\"@context\":\"https:\/\/schema.org\",\"@graph\":[{\"@type\":\"WebPage\",\"@id\":\"https:\/\/www.totalservice.com.co\/?product=alarma-rocko-sentry\",\"url\":\"https:\/\/www.totalservice.com.co\/?product=alarma-rocko-sentry\",\"name\":\"Rocko Sentry - Total Service Car Audio\",\"isPartOf\":{\"@id\":\"https:\/\/www.totalservice.com.co\/#website\"},\"primaryImageOfPage\":{\"@id\":\"https:\/\/www.totalservice.com.co\/?product=alarma-rocko-sentry#primaryimage\"},\"image\":{\"@id\":\"https:\/\/www.totalservice.com.co\/?product=alarma-rocko-sentry#primaryimage\"},\"thumbnailUrl\":\"https:\/\/www.totalservice.com.co\/wp-content\/uploads\/2024\/01\/Control-rocko-sentry-fondo-blanco.png\",\"datePublished\":\"2024-01-19T16:02:30+00:00\",\"dateModified\":\"2024-09-20T21:19:29+00:00\",\"breadcrumb\":{\"@id\":\"https:\/\/www.totalservice.com.co\/?product=alarma-rocko-sentry#breadcrumb\"},\"inLanguage\":\"es\",\"potentialAction\":[{\"@type\":\"ReadAction\",\"target\":[\"https:\/\/www.totalservice.com.co\/?product=alarma-rocko-sentry\"]}]},{\"@type\":\"ImageObject\",\"inLanguage\":\"es\",\"@id\":\"https:\/\/www.totalservice.com.co\/?product=alarma-rocko-sentry#primaryimage\",\"url\":\"https:\/\/www.totalservice.com.co\/wp-content\/uploads\/2024\/01\/Control-rocko-sentry-fondo-blanco.png\",\"contentUrl\":\"https:\/\/www.totalservice.com.co\/wp-content\/uploads\/2024\/01\/Control-rocko-sentry-fondo-blanco.png\",\"width\":2400,\"height\":2400},{\"@type\":\"BreadcrumbList\",\"@id\":\"https:\/\/www.totalservice.com.co\/?product=alarma-rocko-sentry#breadcrumb\",\"itemListElement\":[{\"@type\":\"ListItem\",\"position\":1,\"name\":\"Portada\",\"item\":\"https:\/\/www.totalservice.com.co\/\"},{\"@type\":\"ListItem\",\"position\":2,\"name\":\"Tienda\",\"item\":\"https:\/\/www.totalservice.com.co\/?page_id=2019\"},{\"@type\":\"ListItem\",\"position\":3,\"name\":\"Rocko Sentry\"}]},{\"@type\":\"WebSite\",\"@id\":\"https:\/\/www.totalservice.com.co\/#website\",\"url\":\"https:\/\/www.totalservice.com.co\/\",\"name\":\"Total Service Car Audio\",\"description\":\"Tienda Online de Accesorios para Veh\u00edculos\",\"publisher\":{\"@id\":\"https:\/\/www.totalservice.com.co\/#organization\"},\"potentialAction\":[{\"@type\":\"SearchAction\",\"target\":{\"@type\":\"EntryPoint\",\"urlTemplate\":\"https:\/\/www.totalservice.com.co\/?s={search_term_string}\"},\"query-input\":{\"@type\":\"PropertyValueSpecification\",\"valueRequired\":true,\"valueName\":\"search_term_string\"}}],\"inLanguage\":\"es\"},{\"@type\":\"Organization\",\"@id\":\"https:\/\/www.totalservice.com.co\/#organization\",\"name\":\"Total Service Car Audio\",\"url\":\"https:\/\/www.totalservice.com.co\/\",\"logo\":{\"@type\":\"ImageObject\",\"inLanguage\":\"es\",\"@id\":\"https:\/\/www.totalservice.com.co\/#\/schema\/logo\/image\/\",\"url\":\"https:\/\/www.totalservice.com.co\/wp-content\/uploads\/2022\/08\/cropped-cropped-cropped-logo-total-service-02-3.png\",\"contentUrl\":\"https:\/\/www.totalservice.com.co\/wp-content\/uploads\/2022\/08\/cropped-cropped-cropped-logo-total-service-02-3.png\",\"width\":2251,\"height\":750,\"caption\":\"Total Service Car Audio\"},\"image\":{\"@id\":\"https:\/\/www.totalservice.com.co\/#\/schema\/logo\/image\/\"}}]}<\/script>\n<!-- \/ Yoast SEO plugin. -->","yoast_head_json":{"title":"Rocko Sentry - Total Service Car Audio","robots":{"index":"index","follow":"follow","max-snippet":"max-snippet:-1","max-image-preview":"max-image-preview:large","max-video-preview":"max-video-preview:-1"},"canonical":"https:\/\/www.totalservice.com.co\/?product=alarma-rocko-sentry","og_locale":"es_ES","og_type":"article","og_title":"Rocko Sentry - Total Service Car Audio","og_description":"Garant\u00eda de 24 meses en Total Service Hasta 4 controles Controles hopping code Modo silencioso Servicio de seguridad a trav\u00e9s del pedal de freno del pedal de freno Funci\u00f3n valet Funci\u00f3n anti atraco por control remoto Advertencias luces encendida, puerta abierta Activaci\u00f3n autom\u00e1tica Rearmado Memoria de estado Desactivaci\u00f3n manual B\u00fasqueda &nbsp; &nbsp;","og_url":"https:\/\/www.totalservice.com.co\/?product=alarma-rocko-sentry","og_site_name":"Total Service Car Audio","article_modified_time":"2024-09-20T21:19:29+00:00","og_image":[{"width":2400,"height":2400,"url":"https:\/\/www.totalservice.com.co\/wp-content\/uploads\/2024\/01\/Control-rocko-sentry-fondo-blanco.png","type":"image\/png"}],"twitter_card":"summary_large_image","twitter_misc":{"Tiempo de lectura":"1 minuto"},"schema":{"@context":"https:\/\/schema.org","@graph":[{"@type":"WebPage","@id":"https:\/\/www.totalservice.com.co\/?product=alarma-rocko-sentry","url":"https:\/\/www.totalservice.com.co\/?product=alarma-rocko-sentry","name":"Rocko Sentry - Total Service Car Audio","isPartOf":{"@id":"https:\/\/www.totalservice.com.co\/#website"},"primaryImageOfPage":{"@id":"https:\/\/www.totalservice.com.co\/?product=alarma-rocko-sentry#primaryimage"},"image":{"@id":"https:\/\/www.totalservice.com.co\/?product=alarma-rocko-sentry#primaryimage"},"thumbnailUrl":"https:\/\/www.totalservice.com.co\/wp-content\/uploads\/2024\/01\/Control-rocko-sentry-fondo-blanco.png","datePublished":"2024-01-19T16:02:30+00:00","dateModified":"2024-09-20T21:19:29+00:00","breadcrumb":{"@id":"https:\/\/www.totalservice.com.co\/?product=alarma-rocko-sentry#breadcrumb"},"inLanguage":"es","potentialAction":[{"@type":"ReadAction","target":["https:\/\/www.totalservice.com.co\/?product=alarma-rocko-sentry"]}]},{"@type":"ImageObject","inLanguage":"es","@id":"https:\/\/www.totalservice.com.co\/?product=alarma-rocko-sentry#primaryimage","url":"https:\/\/www.totalservice.com.co\/wp-content\/uploads\/2024\/01\/Control-rocko-sentry-fondo-blanco.png","contentUrl":"https:\/\/www.totalservice.com.co\/wp-content\/uploads\/2024\/01\/Control-rocko-sentry-fondo-blanco.png","width":2400,"height":2400},{"@type":"BreadcrumbList","@id":"https:\/\/www.totalservice.com.co\/?product=alarma-rocko-sentry#breadcrumb","itemListElement":[{"@type":"ListItem","position":1,"name":"Portada","item":"https:\/\/www.totalservice.com.co\/"},{"@type":"ListItem","position":2,"name":"Tienda","item":"https:\/\/www.totalservice.com.co\/?page_id=2019"},{"@type":"ListItem","position":3,"name":"Rocko Sentry"}]},{"@type":"WebSite","@id":"https:\/\/www.totalservice.com.co\/#website","url":"https:\/\/www.totalservice.com.co\/","name":"Total Service Car Audio","description":"Tienda Online de Accesorios para Veh\u00edculos","publisher":{"@id":"https:\/\/www.totalservice.com.co\/#organization"},"potentialAction":[{"@type":"SearchAction","target":{"@type":"EntryPoint","urlTemplate":"https:\/\/www.totalservice.com.co\/?s={search_term_string}"},"query-input":{"@type":"PropertyValueSpecification","valueRequired":true,"valueName":"search_term_string"}}],"inLanguage":"es"},{"@type":"Organization","@id":"https:\/\/www.totalservice.com.co\/#organization","name":"Total Service Car Audio","url":"https:\/\/www.totalservice.com.co\/","logo":{"@type":"ImageObject","inLanguage":"es","@id":"https:\/\/www.totalservice.com.co\/#\/schema\/logo\/image\/","url":"https:\/\/www.totalservice.com.co\/wp-content\/uploads\/2022\/08\/cropped-cropped-cropped-logo-total-service-02-3.png","contentUrl":"https:\/\/www.totalservice.com.co\/wp-content\/uploads\/2022\/08\/cropped-cropped-cropped-logo-total-service-02-3.png","width":2251,"height":750,"caption":"Total Service Car Audio"},"image":{"@id":"https:\/\/www.totalservice.com.co\/#\/schema\/logo\/image\/"}}]}},"_links":{"self":[{"href":"https:\/\/www.totalservice.com.co\/index.php?rest_route=\/wp\/v2\/product\/2343","targetHints":{"allow":["GET"]}}],"collection":[{"href":"https:\/\/www.totalservice.com.co\/index.php?rest_route=\/wp\/v2\/product"}],"about":[{"href":"https:\/\/www.totalservice.com.co\/index.php?rest_route=\/wp\/v2\/types\/product"}],"wp:featuredmedia":[{"embeddable":true,"href":"https:\/\/www.totalservice.com.co\/index.php?rest_route=\/wp\/v2\/media\/2345"}],"wp:attachment":[{"href":"https:\/\/www.totalservice.com.co\/index.php?rest_route=%2Fwp%2Fv2%2Fmedia&parent=2343"}],"wp:term":[{"taxonomy":"product_brand","embeddable":true,"href":"https:\/\/www.totalservice.com.co\/index.php?rest_route=%2Fwp%2Fv2%2Fproduct_brand&post=2343"},{"taxonomy":"product_cat","embeddable":true,"href":"https:\/\/www.totalservice.com.co\/index.php?rest_route=%2Fwp%2Fv2%2Fproduct_cat&post=2343"},{"taxonomy":"product_tag","embeddable":true,"href":"https:\/\/www.totalservice.com.co\/index.php?rest_route=%2Fwp%2Fv2%2Fproduct_tag&post=2343"}],"curies":[{"name":"wp","href":"https:\/\/api.w.org\/{rel}","templated":true}]}}