{"id":1057,"date":"2023-01-17T17:52:13","date_gmt":"2023-01-17T17:52:13","guid":{"rendered":"https:\/\/www.totalservice.com.co\/?post_type=product&#038;p=1057"},"modified":"2024-09-20T21:23:35","modified_gmt":"2024-09-20T21:23:35","slug":"xt21-c-pro","status":"publish","type":"product","link":"https:\/\/www.totalservice.com.co\/?product=xt21-c-pro","title":{"rendered":"Xt21 C Pro"},"content":{"rendered":"<h2>Caracter\u00edsticas Principales:<\/h2>\n<ul>\n<li>Control de funci\u00f3n Antiatraco por proximidad independiente,<\/li>\n<li>impermeable (1 bot\u00f3n).<\/li>\n<li>Dos controles impermeables (4 botones). Sistema Code Hopping ANTI-CLONACI\u00d3N.<\/li>\n<li>Avanzada Funci\u00f3n de antiatraco por proximidad. Apagado progresivo e inteligente de motor en caso de inmovilizaci\u00f3n.<\/li>\n<li>Funci\u00f3n de inmovilizaci\u00f3n con tiempos programables.<\/li>\n<li>Armado y Rearmado Autom\u00e1tico.<\/li>\n<li>Desarmado manual o de emergencia por pulsador manual. Encendido y apagado de motor desde el control remoto. Sistema de temporizaci\u00f3n de starter para motos de inyecci\u00f3n electr\u00f3nica.<\/li>\n<li>Tiempo de starter (arranque del motor) programable. Conveniente ajuste de sensibilidad de sensor de golpe por control remoto.<\/li>\n<li>Funci\u00f3n de p\u00e1nico y b\u00fasqueda.<\/li>\n<li>Alarma para motocicletas con bater\u00eda de 12VDC.<\/li>\n<\/ul>\n","protected":false},"excerpt":{"rendered":"<p>La Xt21 C pro te ofrece un dise\u00f1o diferente, m\u00e1s portable y de mayor autonom\u00eda del control de proximidad, adem\u00e1s del manejo de estacionarias a trav\u00e9s del control y pr\u00f3ximamente permitir\u00e1 su conexi\u00f3n con el GPS Mosat<\/p>\n<p>Alarma con detecci\u00f3n de proximidad que permite una protecci\u00f3n antiatraco altamente efectiva, ya que al detectar que la moto se aleja del control de proximidad se genera una secuencia de apagado inteligente.<\/p>\n","protected":false},"featured_media":2148,"template":"","meta":{"site-sidebar-layout":"default","site-content-layout":"default","ast-site-content-layout":"default","site-content-style":"default","site-sidebar-style":"default","ast-global-header-display":"","ast-banner-title-visibility":"","ast-main-header-display":"","ast-hfb-above-header-display":"","ast-hfb-below-header-display":"","ast-hfb-mobile-header-display":"","site-post-title":"","ast-breadcrumbs-content":"","ast-featured-img":"","footer-sml-layout":"","ast-disable-related-posts":"","theme-transparent-header-meta":"default","adv-header-id-meta":"","stick-header-meta":"","header-above-stick-meta":"","header-main-stick-meta":"","header-below-stick-meta":"","astra-migrate-meta-layouts":"default","ast-page-background-enabled":"default","ast-page-background-meta":{"desktop":{"background-color":"","background-image":"","background-repeat":"repeat","background-position":"center center","background-size":"auto","background-attachment":"scroll","background-type":"","background-media":"","overlay-type":"","overlay-color":"","overlay-opacity":"","overlay-gradient":""},"tablet":{"background-color":"","background-image":"","background-repeat":"repeat","background-position":"center center","background-size":"auto","background-attachment":"scroll","background-type":"","background-media":"","overlay-type":"","overlay-color":"","overlay-opacity":"","overlay-gradient":""},"mobile":{"background-color":"","background-image":"","background-repeat":"repeat","background-position":"center center","background-size":"auto","background-attachment":"scroll","background-type":"","background-media":"","overlay-type":"","overlay-color":"","overlay-opacity":"","overlay-gradient":""}},"ast-content-background-meta":{"desktop":{"background-color":"var(--ast-global-color-5)","background-image":"","background-repeat":"repeat","background-position":"center center","background-size":"auto","background-attachment":"scroll","background-type":"","background-media":"","overlay-type":"","overlay-color":"","overlay-opacity":"","overlay-gradient":""},"tablet":{"background-color":"var(--ast-global-color-5)","background-image":"","background-repeat":"repeat","background-position":"center center","background-size":"auto","background-attachment":"scroll","background-type":"","background-media":"","overlay-type":"","overlay-color":"","overlay-opacity":"","overlay-gradient":""},"mobile":{"background-color":"var(--ast-global-color-5)","background-image":"","background-repeat":"repeat","background-position":"center center","background-size":"auto","background-attachment":"scroll","background-type":"","background-media":"","overlay-type":"","overlay-color":"","overlay-opacity":"","overlay-gradient":""}}},"product_brand":[],"product_cat":[123,34],"product_tag":[],"class_list":{"0":"post-1057","1":"product","2":"type-product","3":"status-publish","4":"has-post-thumbnail","6":"product_cat-alarmas","7":"product_cat-motos","8":"desktop-align-left","9":"tablet-align-left","10":"mobile-align-left","12":"first","13":"instock","14":"shipping-taxable","15":"purchasable","16":"product-type-simple"},"yoast_head":"<!-- This site is optimized with the Yoast SEO plugin v26.7 - https:\/\/yoast.com\/wordpress\/plugins\/seo\/ -->\n<title>Xt21 C Pro - Total Service Car Audio<\/title>\n<meta name=\"description\" content=\"La Xt21 C pro te ofrece un dise\u00f1o diferente, m\u00e1s portable y de mayor autonom\u00eda del control de proximidad, adem\u00e1s del manejo de estacionarias a trav\u00e9s del control y pr\u00f3ximamente permitir\u00e1 su conexi\u00f3n con el GPS Mosat Alarma con detecci\u00f3n de proximidad que permite una protecci\u00f3n antiatraco altamente efectiva, ya que al detectar que la moto se aleja del control de proximidad se genera una secuencia de apagado inteligente.Caracter\u00edsticas Principales:\u2022 Control de funci\u00f3n Antiatraco por proximidad independiente,\u2022 impermeable (1 bot\u00f3n).\u2022 Dos controles impermeables (4 botones). Sistema Code Hopping ANTI-CLONACI\u00d3N.\u2022 Avanzada Funci\u00f3n de antiatraco por proximidad. Apagado progresivo e inteligente de motor en caso de inmovilizaci\u00f3n.\u2022 Funci\u00f3n de inmovilizaci\u00f3n con tiempos programables.\u2022 Armado y Rearmado Autom\u00e1tico.\u2022 Desarmado manual o de emergencia por pulsador manual. Encendido y apagado de motor desde el control remoto. Sistema de temporizaci\u00f3n de starter para motos de inyecci\u00f3n electr\u00f3nica.\u2022 Tiempo de starter (arranque del motor) programable. Conveniente ajuste de sensibilidad de sensor de golpe por control remoto.\u2022 Funci\u00f3n de p\u00e1nico y b\u00fasqueda.\u2022 Alarma para motocicletas con bater\u00eda de 12VDC.\" \/>\n<meta name=\"robots\" content=\"index, follow, max-snippet:-1, max-image-preview:large, max-video-preview:-1\" \/>\n<link rel=\"canonical\" href=\"https:\/\/www.totalservice.com.co\/?product=xt21-c-pro\" \/>\n<meta property=\"og:locale\" content=\"es_ES\" \/>\n<meta property=\"og:type\" content=\"article\" \/>\n<meta property=\"og:title\" content=\"Xt21 C Pro - Total Service Car Audio\" \/>\n<meta property=\"og:description\" content=\"La Xt21 C pro te ofrece un dise\u00f1o diferente, m\u00e1s portable y de mayor autonom\u00eda del control de proximidad, adem\u00e1s del manejo de estacionarias a trav\u00e9s del control y pr\u00f3ximamente permitir\u00e1 su conexi\u00f3n con el GPS Mosat Alarma con detecci\u00f3n de proximidad que permite una protecci\u00f3n antiatraco altamente efectiva, ya que al detectar que la moto se aleja del control de proximidad se genera una secuencia de apagado inteligente.Caracter\u00edsticas Principales:\u2022 Control de funci\u00f3n Antiatraco por proximidad independiente,\u2022 impermeable (1 bot\u00f3n).\u2022 Dos controles impermeables (4 botones). Sistema Code Hopping ANTI-CLONACI\u00d3N.\u2022 Avanzada Funci\u00f3n de antiatraco por proximidad. Apagado progresivo e inteligente de motor en caso de inmovilizaci\u00f3n.\u2022 Funci\u00f3n de inmovilizaci\u00f3n con tiempos programables.\u2022 Armado y Rearmado Autom\u00e1tico.\u2022 Desarmado manual o de emergencia por pulsador manual. Encendido y apagado de motor desde el control remoto. Sistema de temporizaci\u00f3n de starter para motos de inyecci\u00f3n electr\u00f3nica.\u2022 Tiempo de starter (arranque del motor) programable. Conveniente ajuste de sensibilidad de sensor de golpe por control remoto.\u2022 Funci\u00f3n de p\u00e1nico y b\u00fasqueda.\u2022 Alarma para motocicletas con bater\u00eda de 12VDC.\" \/>\n<meta property=\"og:url\" content=\"https:\/\/www.totalservice.com.co\/?product=xt21-c-pro\" \/>\n<meta property=\"og:site_name\" content=\"Total Service Car Audio\" \/>\n<meta property=\"article:modified_time\" content=\"2024-09-20T21:23:35+00:00\" \/>\n<meta property=\"og:image\" content=\"https:\/\/www.totalservice.com.co\/wp-content\/uploads\/2023\/01\/Control-XT21-C-pro-con-fondo-blanco-1.png\" \/>\n\t<meta property=\"og:image:width\" content=\"2400\" \/>\n\t<meta property=\"og:image:height\" content=\"2400\" \/>\n\t<meta property=\"og:image:type\" content=\"image\/png\" \/>\n<meta name=\"twitter:card\" content=\"summary_large_image\" \/>\n<meta name=\"twitter:label1\" content=\"Tiempo de lectura\" \/>\n\t<meta name=\"twitter:data1\" content=\"1 minuto\" \/>\n<script type=\"application\/ld+json\" class=\"yoast-schema-graph\">{\"@context\":\"https:\/\/schema.org\",\"@graph\":[{\"@type\":\"WebPage\",\"@id\":\"https:\/\/www.totalservice.com.co\/?product=xt21-c-pro\",\"url\":\"https:\/\/www.totalservice.com.co\/?product=xt21-c-pro\",\"name\":\"Xt21 C Pro - Total Service Car Audio\",\"isPartOf\":{\"@id\":\"https:\/\/www.totalservice.com.co\/#website\"},\"primaryImageOfPage\":{\"@id\":\"https:\/\/www.totalservice.com.co\/?product=xt21-c-pro#primaryimage\"},\"image\":{\"@id\":\"https:\/\/www.totalservice.com.co\/?product=xt21-c-pro#primaryimage\"},\"thumbnailUrl\":\"https:\/\/www.totalservice.com.co\/wp-content\/uploads\/2023\/01\/Control-XT21-C-pro-con-fondo-blanco-1.png\",\"datePublished\":\"2023-01-17T17:52:13+00:00\",\"dateModified\":\"2024-09-20T21:23:35+00:00\",\"description\":\"La Xt21 C pro te ofrece un dise\u00f1o diferente, m\u00e1s portable y de mayor autonom\u00eda del control de proximidad, adem\u00e1s del manejo de estacionarias a trav\u00e9s del control y pr\u00f3ximamente permitir\u00e1 su conexi\u00f3n con el GPS Mosat Alarma con detecci\u00f3n de proximidad que permite una protecci\u00f3n antiatraco altamente efectiva, ya que al detectar que la moto se aleja del control de proximidad se genera una secuencia de apagado inteligente.Caracter\u00edsticas Principales:\u2022 Control de funci\u00f3n Antiatraco por proximidad independiente,\u2022 impermeable (1 bot\u00f3n).\u2022 Dos controles impermeables (4 botones). Sistema Code Hopping ANTI-CLONACI\u00d3N.\u2022 Avanzada Funci\u00f3n de antiatraco por proximidad. Apagado progresivo e inteligente de motor en caso de inmovilizaci\u00f3n.\u2022 Funci\u00f3n de inmovilizaci\u00f3n con tiempos programables.\u2022 Armado y Rearmado Autom\u00e1tico.\u2022 Desarmado manual o de emergencia por pulsador manual. Encendido y apagado de motor desde el control remoto. Sistema de temporizaci\u00f3n de starter para motos de inyecci\u00f3n electr\u00f3nica.\u2022 Tiempo de starter (arranque del motor) programable. Conveniente ajuste de sensibilidad de sensor de golpe por control remoto.\u2022 Funci\u00f3n de p\u00e1nico y b\u00fasqueda.\u2022 Alarma para motocicletas con bater\u00eda de 12VDC.\",\"breadcrumb\":{\"@id\":\"https:\/\/www.totalservice.com.co\/?product=xt21-c-pro#breadcrumb\"},\"inLanguage\":\"es\",\"potentialAction\":[{\"@type\":\"ReadAction\",\"target\":[\"https:\/\/www.totalservice.com.co\/?product=xt21-c-pro\"]}]},{\"@type\":\"ImageObject\",\"inLanguage\":\"es\",\"@id\":\"https:\/\/www.totalservice.com.co\/?product=xt21-c-pro#primaryimage\",\"url\":\"https:\/\/www.totalservice.com.co\/wp-content\/uploads\/2023\/01\/Control-XT21-C-pro-con-fondo-blanco-1.png\",\"contentUrl\":\"https:\/\/www.totalservice.com.co\/wp-content\/uploads\/2023\/01\/Control-XT21-C-pro-con-fondo-blanco-1.png\",\"width\":2400,\"height\":2400},{\"@type\":\"BreadcrumbList\",\"@id\":\"https:\/\/www.totalservice.com.co\/?product=xt21-c-pro#breadcrumb\",\"itemListElement\":[{\"@type\":\"ListItem\",\"position\":1,\"name\":\"Portada\",\"item\":\"https:\/\/www.totalservice.com.co\/\"},{\"@type\":\"ListItem\",\"position\":2,\"name\":\"Tienda\",\"item\":\"https:\/\/www.totalservice.com.co\/?page_id=2019\"},{\"@type\":\"ListItem\",\"position\":3,\"name\":\"Xt21 C Pro\"}]},{\"@type\":\"WebSite\",\"@id\":\"https:\/\/www.totalservice.com.co\/#website\",\"url\":\"https:\/\/www.totalservice.com.co\/\",\"name\":\"Total Service Car Audio\",\"description\":\"Tienda Online de Accesorios para Veh\u00edculos\",\"publisher\":{\"@id\":\"https:\/\/www.totalservice.com.co\/#organization\"},\"potentialAction\":[{\"@type\":\"SearchAction\",\"target\":{\"@type\":\"EntryPoint\",\"urlTemplate\":\"https:\/\/www.totalservice.com.co\/?s={search_term_string}\"},\"query-input\":{\"@type\":\"PropertyValueSpecification\",\"valueRequired\":true,\"valueName\":\"search_term_string\"}}],\"inLanguage\":\"es\"},{\"@type\":\"Organization\",\"@id\":\"https:\/\/www.totalservice.com.co\/#organization\",\"name\":\"Total Service Car Audio\",\"url\":\"https:\/\/www.totalservice.com.co\/\",\"logo\":{\"@type\":\"ImageObject\",\"inLanguage\":\"es\",\"@id\":\"https:\/\/www.totalservice.com.co\/#\/schema\/logo\/image\/\",\"url\":\"https:\/\/www.totalservice.com.co\/wp-content\/uploads\/2022\/08\/cropped-cropped-cropped-logo-total-service-02-3.png\",\"contentUrl\":\"https:\/\/www.totalservice.com.co\/wp-content\/uploads\/2022\/08\/cropped-cropped-cropped-logo-total-service-02-3.png\",\"width\":2251,\"height\":750,\"caption\":\"Total Service Car Audio\"},\"image\":{\"@id\":\"https:\/\/www.totalservice.com.co\/#\/schema\/logo\/image\/\"}}]}<\/script>\n<!-- \/ Yoast SEO plugin. -->","yoast_head_json":{"title":"Xt21 C Pro - Total Service Car Audio","description":"La Xt21 C pro te ofrece un dise\u00f1o diferente, m\u00e1s portable y de mayor autonom\u00eda del control de proximidad, adem\u00e1s del manejo de estacionarias a trav\u00e9s del control y pr\u00f3ximamente permitir\u00e1 su conexi\u00f3n con el GPS Mosat Alarma con detecci\u00f3n de proximidad que permite una protecci\u00f3n antiatraco altamente efectiva, ya que al detectar que la moto se aleja del control de proximidad se genera una secuencia de apagado inteligente.Caracter\u00edsticas Principales:\u2022 Control de funci\u00f3n Antiatraco por proximidad independiente,\u2022 impermeable (1 bot\u00f3n).\u2022 Dos controles impermeables (4 botones). Sistema Code Hopping ANTI-CLONACI\u00d3N.\u2022 Avanzada Funci\u00f3n de antiatraco por proximidad. Apagado progresivo e inteligente de motor en caso de inmovilizaci\u00f3n.\u2022 Funci\u00f3n de inmovilizaci\u00f3n con tiempos programables.\u2022 Armado y Rearmado Autom\u00e1tico.\u2022 Desarmado manual o de emergencia por pulsador manual. Encendido y apagado de motor desde el control remoto. Sistema de temporizaci\u00f3n de starter para motos de inyecci\u00f3n electr\u00f3nica.\u2022 Tiempo de starter (arranque del motor) programable. Conveniente ajuste de sensibilidad de sensor de golpe por control remoto.\u2022 Funci\u00f3n de p\u00e1nico y b\u00fasqueda.\u2022 Alarma para motocicletas con bater\u00eda de 12VDC.","robots":{"index":"index","follow":"follow","max-snippet":"max-snippet:-1","max-image-preview":"max-image-preview:large","max-video-preview":"max-video-preview:-1"},"canonical":"https:\/\/www.totalservice.com.co\/?product=xt21-c-pro","og_locale":"es_ES","og_type":"article","og_title":"Xt21 C Pro - Total Service Car Audio","og_description":"La Xt21 C pro te ofrece un dise\u00f1o diferente, m\u00e1s portable y de mayor autonom\u00eda del control de proximidad, adem\u00e1s del manejo de estacionarias a trav\u00e9s del control y pr\u00f3ximamente permitir\u00e1 su conexi\u00f3n con el GPS Mosat Alarma con detecci\u00f3n de proximidad que permite una protecci\u00f3n antiatraco altamente efectiva, ya que al detectar que la moto se aleja del control de proximidad se genera una secuencia de apagado inteligente.Caracter\u00edsticas Principales:\u2022 Control de funci\u00f3n Antiatraco por proximidad independiente,\u2022 impermeable (1 bot\u00f3n).\u2022 Dos controles impermeables (4 botones). Sistema Code Hopping ANTI-CLONACI\u00d3N.\u2022 Avanzada Funci\u00f3n de antiatraco por proximidad. Apagado progresivo e inteligente de motor en caso de inmovilizaci\u00f3n.\u2022 Funci\u00f3n de inmovilizaci\u00f3n con tiempos programables.\u2022 Armado y Rearmado Autom\u00e1tico.\u2022 Desarmado manual o de emergencia por pulsador manual. Encendido y apagado de motor desde el control remoto. Sistema de temporizaci\u00f3n de starter para motos de inyecci\u00f3n electr\u00f3nica.\u2022 Tiempo de starter (arranque del motor) programable. Conveniente ajuste de sensibilidad de sensor de golpe por control remoto.\u2022 Funci\u00f3n de p\u00e1nico y b\u00fasqueda.\u2022 Alarma para motocicletas con bater\u00eda de 12VDC.","og_url":"https:\/\/www.totalservice.com.co\/?product=xt21-c-pro","og_site_name":"Total Service Car Audio","article_modified_time":"2024-09-20T21:23:35+00:00","og_image":[{"width":2400,"height":2400,"url":"https:\/\/www.totalservice.com.co\/wp-content\/uploads\/2023\/01\/Control-XT21-C-pro-con-fondo-blanco-1.png","type":"image\/png"}],"twitter_card":"summary_large_image","twitter_misc":{"Tiempo de lectura":"1 minuto"},"schema":{"@context":"https:\/\/schema.org","@graph":[{"@type":"WebPage","@id":"https:\/\/www.totalservice.com.co\/?product=xt21-c-pro","url":"https:\/\/www.totalservice.com.co\/?product=xt21-c-pro","name":"Xt21 C Pro - Total Service Car Audio","isPartOf":{"@id":"https:\/\/www.totalservice.com.co\/#website"},"primaryImageOfPage":{"@id":"https:\/\/www.totalservice.com.co\/?product=xt21-c-pro#primaryimage"},"image":{"@id":"https:\/\/www.totalservice.com.co\/?product=xt21-c-pro#primaryimage"},"thumbnailUrl":"https:\/\/www.totalservice.com.co\/wp-content\/uploads\/2023\/01\/Control-XT21-C-pro-con-fondo-blanco-1.png","datePublished":"2023-01-17T17:52:13+00:00","dateModified":"2024-09-20T21:23:35+00:00","description":"La Xt21 C pro te ofrece un dise\u00f1o diferente, m\u00e1s portable y de mayor autonom\u00eda del control de proximidad, adem\u00e1s del manejo de estacionarias a trav\u00e9s del control y pr\u00f3ximamente permitir\u00e1 su conexi\u00f3n con el GPS Mosat Alarma con detecci\u00f3n de proximidad que permite una protecci\u00f3n antiatraco altamente efectiva, ya que al detectar que la moto se aleja del control de proximidad se genera una secuencia de apagado inteligente.Caracter\u00edsticas Principales:\u2022 Control de funci\u00f3n Antiatraco por proximidad independiente,\u2022 impermeable (1 bot\u00f3n).\u2022 Dos controles impermeables (4 botones). Sistema Code Hopping ANTI-CLONACI\u00d3N.\u2022 Avanzada Funci\u00f3n de antiatraco por proximidad. Apagado progresivo e inteligente de motor en caso de inmovilizaci\u00f3n.\u2022 Funci\u00f3n de inmovilizaci\u00f3n con tiempos programables.\u2022 Armado y Rearmado Autom\u00e1tico.\u2022 Desarmado manual o de emergencia por pulsador manual. Encendido y apagado de motor desde el control remoto. Sistema de temporizaci\u00f3n de starter para motos de inyecci\u00f3n electr\u00f3nica.\u2022 Tiempo de starter (arranque del motor) programable. Conveniente ajuste de sensibilidad de sensor de golpe por control remoto.\u2022 Funci\u00f3n de p\u00e1nico y b\u00fasqueda.\u2022 Alarma para motocicletas con bater\u00eda de 12VDC.","breadcrumb":{"@id":"https:\/\/www.totalservice.com.co\/?product=xt21-c-pro#breadcrumb"},"inLanguage":"es","potentialAction":[{"@type":"ReadAction","target":["https:\/\/www.totalservice.com.co\/?product=xt21-c-pro"]}]},{"@type":"ImageObject","inLanguage":"es","@id":"https:\/\/www.totalservice.com.co\/?product=xt21-c-pro#primaryimage","url":"https:\/\/www.totalservice.com.co\/wp-content\/uploads\/2023\/01\/Control-XT21-C-pro-con-fondo-blanco-1.png","contentUrl":"https:\/\/www.totalservice.com.co\/wp-content\/uploads\/2023\/01\/Control-XT21-C-pro-con-fondo-blanco-1.png","width":2400,"height":2400},{"@type":"BreadcrumbList","@id":"https:\/\/www.totalservice.com.co\/?product=xt21-c-pro#breadcrumb","itemListElement":[{"@type":"ListItem","position":1,"name":"Portada","item":"https:\/\/www.totalservice.com.co\/"},{"@type":"ListItem","position":2,"name":"Tienda","item":"https:\/\/www.totalservice.com.co\/?page_id=2019"},{"@type":"ListItem","position":3,"name":"Xt21 C Pro"}]},{"@type":"WebSite","@id":"https:\/\/www.totalservice.com.co\/#website","url":"https:\/\/www.totalservice.com.co\/","name":"Total Service Car Audio","description":"Tienda Online de Accesorios para Veh\u00edculos","publisher":{"@id":"https:\/\/www.totalservice.com.co\/#organization"},"potentialAction":[{"@type":"SearchAction","target":{"@type":"EntryPoint","urlTemplate":"https:\/\/www.totalservice.com.co\/?s={search_term_string}"},"query-input":{"@type":"PropertyValueSpecification","valueRequired":true,"valueName":"search_term_string"}}],"inLanguage":"es"},{"@type":"Organization","@id":"https:\/\/www.totalservice.com.co\/#organization","name":"Total Service Car Audio","url":"https:\/\/www.totalservice.com.co\/","logo":{"@type":"ImageObject","inLanguage":"es","@id":"https:\/\/www.totalservice.com.co\/#\/schema\/logo\/image\/","url":"https:\/\/www.totalservice.com.co\/wp-content\/uploads\/2022\/08\/cropped-cropped-cropped-logo-total-service-02-3.png","contentUrl":"https:\/\/www.totalservice.com.co\/wp-content\/uploads\/2022\/08\/cropped-cropped-cropped-logo-total-service-02-3.png","width":2251,"height":750,"caption":"Total Service Car Audio"},"image":{"@id":"https:\/\/www.totalservice.com.co\/#\/schema\/logo\/image\/"}}]}},"_links":{"self":[{"href":"https:\/\/www.totalservice.com.co\/index.php?rest_route=\/wp\/v2\/product\/1057","targetHints":{"allow":["GET"]}}],"collection":[{"href":"https:\/\/www.totalservice.com.co\/index.php?rest_route=\/wp\/v2\/product"}],"about":[{"href":"https:\/\/www.totalservice.com.co\/index.php?rest_route=\/wp\/v2\/types\/product"}],"wp:featuredmedia":[{"embeddable":true,"href":"https:\/\/www.totalservice.com.co\/index.php?rest_route=\/wp\/v2\/media\/2148"}],"wp:attachment":[{"href":"https:\/\/www.totalservice.com.co\/index.php?rest_route=%2Fwp%2Fv2%2Fmedia&parent=1057"}],"wp:term":[{"taxonomy":"product_brand","embeddable":true,"href":"https:\/\/www.totalservice.com.co\/index.php?rest_route=%2Fwp%2Fv2%2Fproduct_brand&post=1057"},{"taxonomy":"product_cat","embeddable":true,"href":"https:\/\/www.totalservice.com.co\/index.php?rest_route=%2Fwp%2Fv2%2Fproduct_cat&post=1057"},{"taxonomy":"product_tag","embeddable":true,"href":"https:\/\/www.totalservice.com.co\/index.php?rest_route=%2Fwp%2Fv2%2Fproduct_tag&post=1057"}],"curies":[{"name":"wp","href":"https:\/\/api.w.org\/{rel}","templated":true}]}}